{"id":38812,"date":"2023-05-07T19:11:11","date_gmt":"2023-05-07T19:11:11","guid":{"rendered":"https:\/\/flagship.ryari.com\/index.php\/product\/premiumx-quad-lnb-fuer-4-teilnehmer-px-sun-qs-dvb-s2-sat-empfangskopf\/"},"modified":"2026-04-12T04:07:53","modified_gmt":"2026-04-12T04:07:53","slug":"premiumx-quad-lnb-fuer-4-teilnehmer-px-sun-qs-dvb-s2-sat-empfangskopf","status":"publish","type":"product","link":"https:\/\/flagship.ryari.com\/index.php\/product\/premiumx-quad-lnb-fuer-4-teilnehmer-px-sun-qs-dvb-s2-sat-empfangskopf\/","title":{"rendered":"PremiumX Quad LNB f\u00fcr 4 Teilnehmer PX-SUN-QS DVB-S2 Sat Empfangskopf"},"content":{"rendered":"","protected":false},"excerpt":{"rendered":"<p>Entdecken Sie PremiumX Quad LNB f\u00fcr 4 Teilnehmer PX-SUN-QS DVB-S2 Sat Empfangskopf in der gro\u00dfen Auswahl bei eBay. Kostenlose Lieferung f\u00fcr viele Artikel!<\/p>\n","protected":false},"featured_media":999980000000388120,"comment_status":"open","ping_status":"closed","template":"","meta":[],"product_cat":[330],"product_tag":[],"class_list":{"0":"post-38812","1":"product","2":"type-product","3":"status-publish","4":"has-post-thumbnail","6":"product_cat-sat-lnbs","8":"first","9":"instock","10":"taxable","11":"shipping-taxable","12":"product-type-external"},"acf":[],"_links":{"self":[{"href":"https:\/\/flagship.ryari.com\/index.php\/wp-json\/wp\/v2\/product\/38812","targetHints":{"allow":["GET"]}}],"collection":[{"href":"https:\/\/flagship.ryari.com\/index.php\/wp-json\/wp\/v2\/product"}],"about":[{"href":"https:\/\/flagship.ryari.com\/index.php\/wp-json\/wp\/v2\/types\/product"}],"replies":[{"embeddable":true,"href":"https:\/\/flagship.ryari.com\/index.php\/wp-json\/wp\/v2\/comments?post=38812"}],"wp:featuredmedia":[{"embeddable":true,"href":"https:\/\/flagship.ryari.com\/index.php\/wp-json\/"}],"wp:attachment":[{"href":"https:\/\/flagship.ryari.com\/index.php\/wp-json\/wp\/v2\/media?parent=38812"}],"wp:term":[{"taxonomy":"product_cat","embeddable":true,"href":"https:\/\/flagship.ryari.com\/index.php\/wp-json\/wp\/v2\/product_cat?post=38812"},{"taxonomy":"product_tag","embeddable":true,"href":"https:\/\/flagship.ryari.com\/index.php\/wp-json\/wp\/v2\/product_tag?post=38812"}],"curies":[{"name":"wp","href":"https:\/\/api.w.org\/{rel}","templated":true}]}}