{"id":38991,"date":"2023-05-07T19:32:45","date_gmt":"2023-05-07T19:32:45","guid":{"rendered":"https:\/\/flagship.ryari.com\/index.php\/product\/premiumx-twin-lnb-fuer-2-teilnehmer-px-sun-t-dvb-s2-sat-empfangskopf\/"},"modified":"2026-04-17T14:39:01","modified_gmt":"2026-04-17T14:39:01","slug":"premiumx-twin-lnb-fuer-2-teilnehmer-px-sun-t-dvb-s2-sat-empfangskopf","status":"publish","type":"product","link":"https:\/\/flagship.ryari.com\/index.php\/product\/premiumx-twin-lnb-fuer-2-teilnehmer-px-sun-t-dvb-s2-sat-empfangskopf\/","title":{"rendered":"PremiumX Twin LNB f\u00fcr 2 Teilnehmer PX-SUN-T DVB-S2 Sat Empfangskopf"},"content":{"rendered":"","protected":false},"excerpt":{"rendered":"<p>Entdecken Sie PremiumX Twin LNB f\u00fcr 2 Teilnehmer PX-SUN-T DVB-S2 Sat Empfangskopf in der gro\u00dfen Auswahl bei eBay. Kostenlose Lieferung f\u00fcr viele Artikel!<\/p>\n","protected":false},"featured_media":999980000000389910,"comment_status":"open","ping_status":"closed","template":"","meta":[],"product_cat":[330],"product_tag":[],"class_list":{"0":"post-38991","1":"product","2":"type-product","3":"status-publish","4":"has-post-thumbnail","6":"product_cat-sat-lnbs","8":"first","9":"instock","10":"taxable","11":"shipping-taxable","12":"product-type-external"},"acf":[],"_links":{"self":[{"href":"https:\/\/flagship.ryari.com\/index.php\/wp-json\/wp\/v2\/product\/38991","targetHints":{"allow":["GET"]}}],"collection":[{"href":"https:\/\/flagship.ryari.com\/index.php\/wp-json\/wp\/v2\/product"}],"about":[{"href":"https:\/\/flagship.ryari.com\/index.php\/wp-json\/wp\/v2\/types\/product"}],"replies":[{"embeddable":true,"href":"https:\/\/flagship.ryari.com\/index.php\/wp-json\/wp\/v2\/comments?post=38991"}],"wp:featuredmedia":[{"embeddable":true,"href":"https:\/\/flagship.ryari.com\/index.php\/wp-json\/"}],"wp:attachment":[{"href":"https:\/\/flagship.ryari.com\/index.php\/wp-json\/wp\/v2\/media?parent=38991"}],"wp:term":[{"taxonomy":"product_cat","embeddable":true,"href":"https:\/\/flagship.ryari.com\/index.php\/wp-json\/wp\/v2\/product_cat?post=38991"},{"taxonomy":"product_tag","embeddable":true,"href":"https:\/\/flagship.ryari.com\/index.php\/wp-json\/wp\/v2\/product_tag?post=38991"}],"curies":[{"name":"wp","href":"https:\/\/api.w.org\/{rel}","templated":true}]}}