{"id":38995,"date":"2023-05-07T19:32:47","date_gmt":"2023-05-07T19:32:47","guid":{"rendered":"https:\/\/flagship.ryari.com\/index.php\/product\/tvip-v2-bluetooth-fernbedienung-bt-fuer-iptv-boxen-v-4xx-5xx-6xx-7xx-original-neu\/"},"modified":"2026-04-12T18:31:24","modified_gmt":"2026-04-12T18:31:24","slug":"tvip-v2-bluetooth-fernbedienung-bt-fuer-iptv-boxen-v-4xx-5xx-6xx-7xx-original-neu","status":"publish","type":"product","link":"https:\/\/flagship.ryari.com\/index.php\/product\/tvip-v2-bluetooth-fernbedienung-bt-fuer-iptv-boxen-v-4xx-5xx-6xx-7xx-original-neu\/","title":{"rendered":"TVIP V2 Bluetooth Fernbedienung BT f\u00fcr IPTV Boxen v.4xx 5xx 6xx 7xx ORIGINAL NEU"},"content":{"rendered":"","protected":false},"excerpt":{"rendered":"<p>Entdecken Sie TVIP V2 Bluetooth Fernbedienung BT f\u00fcr IPTV Boxen v.4xx 5xx 6xx 7xx ORIGINAL NEU in der gro\u00dfen Auswahl bei eBay. Kostenlose Lieferung f\u00fcr viele Artikel!<\/p>\n","protected":false},"featured_media":999980000000389950,"comment_status":"open","ping_status":"closed","template":"","meta":[],"product_cat":[324],"product_tag":[],"class_list":{"0":"post-38995","1":"product","2":"type-product","3":"status-publish","4":"has-post-thumbnail","6":"product_cat-sat-tv-receiver","8":"first","9":"instock","10":"taxable","11":"shipping-taxable","12":"product-type-external"},"acf":[],"_links":{"self":[{"href":"https:\/\/flagship.ryari.com\/index.php\/wp-json\/wp\/v2\/product\/38995","targetHints":{"allow":["GET"]}}],"collection":[{"href":"https:\/\/flagship.ryari.com\/index.php\/wp-json\/wp\/v2\/product"}],"about":[{"href":"https:\/\/flagship.ryari.com\/index.php\/wp-json\/wp\/v2\/types\/product"}],"replies":[{"embeddable":true,"href":"https:\/\/flagship.ryari.com\/index.php\/wp-json\/wp\/v2\/comments?post=38995"}],"wp:featuredmedia":[{"embeddable":true,"href":"https:\/\/flagship.ryari.com\/index.php\/wp-json\/"}],"wp:attachment":[{"href":"https:\/\/flagship.ryari.com\/index.php\/wp-json\/wp\/v2\/media?parent=38995"}],"wp:term":[{"taxonomy":"product_cat","embeddable":true,"href":"https:\/\/flagship.ryari.com\/index.php\/wp-json\/wp\/v2\/product_cat?post=38995"},{"taxonomy":"product_tag","embeddable":true,"href":"https:\/\/flagship.ryari.com\/index.php\/wp-json\/wp\/v2\/product_tag?post=38995"}],"curies":[{"name":"wp","href":"https:\/\/api.w.org\/{rel}","templated":true}]}}