{"id":39516,"date":"2023-05-08T16:35:19","date_gmt":"2023-05-08T16:35:19","guid":{"rendered":"https:\/\/flagship.ryari.com\/index.php\/product\/telestar-freenet-tv-ci-modul-fuer-dvb-t2-sat-3-monate\/"},"modified":"2026-04-14T17:42:05","modified_gmt":"2026-04-14T17:42:05","slug":"telestar-freenet-tv-ci-modul-fuer-dvb-t2-sat-3-monate","status":"publish","type":"product","link":"https:\/\/flagship.ryari.com\/index.php\/product\/telestar-freenet-tv-ci-modul-fuer-dvb-t2-sat-3-monate\/","title":{"rendered":"Telestar Freenet TV CI+ Modul f\u00fcr DVB-T2, SAT &#8211; 3 Monate"},"content":{"rendered":"<p>Verschl\u00fcsselte Programme, die nach dem digitalen Standard \u00fcber DVB-T2HD ausgestrahlt werden, k\u00f6nnen Sie mit dem Freenet TV CI Modul 89001 empfangen. S\u00e4mtliche Programme im Rahmen des Freenet Senderportfolios werden einwandfrei wiedergegeben. Das Modul ist<\/p>\n","protected":false},"excerpt":{"rendered":"<p>Verschl\u00fcsselte Programme, die nach dem digitalen Standard \u00fcber DVB-T2HD ausgestrahlt werden, k\u00f6nnen Sie mit dem Freenet TV CI Modul 89001 empfangen. S\u00e4mtliche Programme im Rahmen des Freenet Senderportfolios werden einwandfrei<\/p>\n","protected":false},"featured_media":999980000000395160,"comment_status":"open","ping_status":"closed","template":"","meta":[],"product_cat":[331],"product_tag":[],"class_list":{"0":"post-39516","1":"product","2":"type-product","3":"status-publish","4":"has-post-thumbnail","6":"product_cat-cam-module","8":"first","9":"instock","10":"taxable","11":"shipping-taxable","12":"product-type-external"},"acf":[],"_links":{"self":[{"href":"https:\/\/flagship.ryari.com\/index.php\/wp-json\/wp\/v2\/product\/39516","targetHints":{"allow":["GET"]}}],"collection":[{"href":"https:\/\/flagship.ryari.com\/index.php\/wp-json\/wp\/v2\/product"}],"about":[{"href":"https:\/\/flagship.ryari.com\/index.php\/wp-json\/wp\/v2\/types\/product"}],"replies":[{"embeddable":true,"href":"https:\/\/flagship.ryari.com\/index.php\/wp-json\/wp\/v2\/comments?post=39516"}],"wp:featuredmedia":[{"embeddable":true,"href":"https:\/\/flagship.ryari.com\/index.php\/wp-json\/"}],"wp:attachment":[{"href":"https:\/\/flagship.ryari.com\/index.php\/wp-json\/wp\/v2\/media?parent=39516"}],"wp:term":[{"taxonomy":"product_cat","embeddable":true,"href":"https:\/\/flagship.ryari.com\/index.php\/wp-json\/wp\/v2\/product_cat?post=39516"},{"taxonomy":"product_tag","embeddable":true,"href":"https:\/\/flagship.ryari.com\/index.php\/wp-json\/wp\/v2\/product_tag?post=39516"}],"curies":[{"name":"wp","href":"https:\/\/api.w.org\/{rel}","templated":true}]}}