{"id":39523,"date":"2023-05-08T16:35:26","date_gmt":"2023-05-08T16:35:26","guid":{"rendered":"https:\/\/flagship.ryari.com\/index.php\/product\/hd-modul-mit-sender-paket-fuer-6-monate-22012\/"},"modified":"2026-04-14T10:55:27","modified_gmt":"2026-04-14T10:55:27","slug":"hd-modul-mit-sender-paket-fuer-6-monate-22012","status":"publish","type":"product","link":"https:\/\/flagship.ryari.com\/index.php\/product\/hd-modul-mit-sender-paket-fuer-6-monate-22012\/","title":{"rendered":"HD+ Modul mit Sender-Paket f\u00fcr 6 Monate (22012)"},"content":{"rendered":"<p>Diese HD+ Karte ver\u00e4ndert und verbessert effizient das Fernseherlebnis. Um zahlreiche Sender hochaufl\u00f6send zu empfangen, muss die silberne Karte lediglich in den daf\u00fcr vorgesehenen Schlitz des Receivers gesteckt werden. Sie schaltet anschlie\u00dfend ganze sech<\/p>\n","protected":false},"excerpt":{"rendered":"<p>Diese HD+ Karte ver\u00e4ndert und verbessert effizient das Fernseherlebnis. Um zahlreiche Sender hochaufl\u00f6send zu empfangen, muss die silberne Karte lediglich in den daf\u00fcr vorgesehenen Schlitz des Receivers gesteckt werden. Sie<\/p>\n","protected":false},"featured_media":999980000000395230,"comment_status":"open","ping_status":"closed","template":"","meta":[],"product_cat":[331],"product_tag":[],"class_list":{"0":"post-39523","1":"product","2":"type-product","3":"status-publish","4":"has-post-thumbnail","6":"product_cat-cam-module","8":"first","9":"instock","10":"taxable","11":"shipping-taxable","12":"product-type-external"},"acf":[],"_links":{"self":[{"href":"https:\/\/flagship.ryari.com\/index.php\/wp-json\/wp\/v2\/product\/39523","targetHints":{"allow":["GET"]}}],"collection":[{"href":"https:\/\/flagship.ryari.com\/index.php\/wp-json\/wp\/v2\/product"}],"about":[{"href":"https:\/\/flagship.ryari.com\/index.php\/wp-json\/wp\/v2\/types\/product"}],"replies":[{"embeddable":true,"href":"https:\/\/flagship.ryari.com\/index.php\/wp-json\/wp\/v2\/comments?post=39523"}],"wp:featuredmedia":[{"embeddable":true,"href":"https:\/\/flagship.ryari.com\/index.php\/wp-json\/"}],"wp:attachment":[{"href":"https:\/\/flagship.ryari.com\/index.php\/wp-json\/wp\/v2\/media?parent=39523"}],"wp:term":[{"taxonomy":"product_cat","embeddable":true,"href":"https:\/\/flagship.ryari.com\/index.php\/wp-json\/wp\/v2\/product_cat?post=39523"},{"taxonomy":"product_tag","embeddable":true,"href":"https:\/\/flagship.ryari.com\/index.php\/wp-json\/wp\/v2\/product_tag?post=39523"}],"curies":[{"name":"wp","href":"https:\/\/api.w.org\/{rel}","templated":true}]}}