{"id":40181,"date":"2023-05-08T16:58:27","date_gmt":"2023-05-08T16:58:27","guid":{"rendered":"https:\/\/flagship.ryari.com\/index.php\/product\/tnkncnakarte-pakiet-starthbo-123-3m-cetelewizjanakartedoladowaniecanal\/"},"modified":"2026-04-23T08:54:36","modified_gmt":"2026-04-23T08:54:36","slug":"tnkncnakarte-pakiet-starthbo-123-3m-cetelewizjanakartedoladowaniecanal","status":"publish","type":"product","link":"https:\/\/flagship.ryari.com\/index.php\/product\/tnkncnakarte-pakiet-starthbo-123-3m-cetelewizjanakartedoladowaniecanal\/","title":{"rendered":"TNKNC+nakarte-Pakiet Start+HBO 1,2,3, 3m-ceTELEWIZJANAKART\u0118,DO\u0141ADOWANIECanal+"},"content":{"rendered":"","protected":false},"excerpt":{"rendered":"<p>Entdecken Sie TNKNC+nakarte-Pakiet Start+HBO 1,2,3, 3m-ceTELEWIZJANAKART\u0118,DO\u0141ADOWANIECanal+ in der gro\u00dfen Auswahl bei eBay. Kostenlose Lieferung f\u00fcr viele Artikel!<\/p>\n","protected":false},"featured_media":999980000000401810,"comment_status":"open","ping_status":"closed","template":"","meta":[],"product_cat":[328],"product_tag":[],"class_list":{"0":"post-40181","1":"product","2":"type-product","3":"status-publish","4":"has-post-thumbnail","6":"product_cat-tv-smartcards","8":"first","9":"instock","10":"taxable","11":"shipping-taxable","12":"product-type-external"},"acf":[],"_links":{"self":[{"href":"https:\/\/flagship.ryari.com\/index.php\/wp-json\/wp\/v2\/product\/40181","targetHints":{"allow":["GET"]}}],"collection":[{"href":"https:\/\/flagship.ryari.com\/index.php\/wp-json\/wp\/v2\/product"}],"about":[{"href":"https:\/\/flagship.ryari.com\/index.php\/wp-json\/wp\/v2\/types\/product"}],"replies":[{"embeddable":true,"href":"https:\/\/flagship.ryari.com\/index.php\/wp-json\/wp\/v2\/comments?post=40181"}],"wp:featuredmedia":[{"embeddable":true,"href":"https:\/\/flagship.ryari.com\/index.php\/wp-json\/"}],"wp:attachment":[{"href":"https:\/\/flagship.ryari.com\/index.php\/wp-json\/wp\/v2\/media?parent=40181"}],"wp:term":[{"taxonomy":"product_cat","embeddable":true,"href":"https:\/\/flagship.ryari.com\/index.php\/wp-json\/wp\/v2\/product_cat?post=40181"},{"taxonomy":"product_tag","embeddable":true,"href":"https:\/\/flagship.ryari.com\/index.php\/wp-json\/wp\/v2\/product_tag?post=40181"}],"curies":[{"name":"wp","href":"https:\/\/api.w.org\/{rel}","templated":true}]}}