{"id":42009,"date":"2023-05-09T11:48:25","date_gmt":"2023-05-09T11:48:25","guid":{"rendered":"https:\/\/flagship.ryari.com\/index.php\/product\/panasonic-scpm250-micro-hifi-20w-drahtlos-3\/"},"modified":"2026-05-13T12:26:40","modified_gmt":"2026-05-13T12:26:40","slug":"panasonic-scpm250-micro-hifi-20w-drahtlos-3","status":"publish","type":"product","link":"https:\/\/flagship.ryari.com\/index.php\/product\/panasonic-scpm250-micro-hifi-20w-drahtlos-3\/","title":{"rendered":"Panasonic SCPM250 Micro HIFI 20w drahtlos"},"content":{"rendered":"<p>Das kompakte Micro Hifi System von Panasonic bietet Ihnen ein individuelles Musikerlebnis bei viel Bedienkomfort. Neben den klassischen Musikquellen wie Radio oder CD verf\u00fcgt die Panasonic SC PM250 Anlage mit 20 W Leistung \u00fcber Bluetooth und einen USB Anschluss. Sie k\u00f6nnen au\u00dferdem verschiedene Medienformate wie MP3, CD R, CD RW abspielen. Genie\u00dfen Sie ungetr\u00fcbten Musikgenuss in guter Klangqualit\u00e4t und hohe Flexibilit\u00e4t dank drahtloser \u00dcbertragungstechnik.<\/p>\n","protected":false},"excerpt":{"rendered":"<p>Das kompakte Micro Hifi System von Panasonic bietet Ihnen ein individuelles Musikerlebnis bei viel Bedienkomfort. Neben den klassischen Musikquellen wie Radio oder CD verf\u00fcgt die Panasonic SC PM250 Anlage mit<\/p>\n","protected":false},"featured_media":999980000000420090,"comment_status":"open","ping_status":"closed","template":"","meta":[],"product_cat":[337],"product_tag":[],"class_list":{"0":"post-42009","1":"product","2":"type-product","3":"status-publish","4":"has-post-thumbnail","6":"product_cat-kompakt-stereoanlagen","8":"first","9":"instock","10":"taxable","11":"shipping-taxable","12":"product-type-external"},"acf":[],"_links":{"self":[{"href":"https:\/\/flagship.ryari.com\/index.php\/wp-json\/wp\/v2\/product\/42009","targetHints":{"allow":["GET"]}}],"collection":[{"href":"https:\/\/flagship.ryari.com\/index.php\/wp-json\/wp\/v2\/product"}],"about":[{"href":"https:\/\/flagship.ryari.com\/index.php\/wp-json\/wp\/v2\/types\/product"}],"replies":[{"embeddable":true,"href":"https:\/\/flagship.ryari.com\/index.php\/wp-json\/wp\/v2\/comments?post=42009"}],"wp:featuredmedia":[{"embeddable":true,"href":"https:\/\/flagship.ryari.com\/index.php\/wp-json\/"}],"wp:attachment":[{"href":"https:\/\/flagship.ryari.com\/index.php\/wp-json\/wp\/v2\/media?parent=42009"}],"wp:term":[{"taxonomy":"product_cat","embeddable":true,"href":"https:\/\/flagship.ryari.com\/index.php\/wp-json\/wp\/v2\/product_cat?post=42009"},{"taxonomy":"product_tag","embeddable":true,"href":"https:\/\/flagship.ryari.com\/index.php\/wp-json\/wp\/v2\/product_tag?post=42009"}],"curies":[{"name":"wp","href":"https:\/\/api.w.org\/{rel}","templated":true}]}}