{"id":42471,"date":"2023-05-09T15:12:58","date_gmt":"2023-05-09T15:12:58","guid":{"rendered":"https:\/\/flagship.ryari.com\/index.php\/product\/denon-rcd-n11dab-bluetooth-netzwerk-cd-player-weiss-2\/"},"modified":"2026-04-14T19:31:09","modified_gmt":"2026-04-14T19:31:09","slug":"denon-rcd-n11dab-bluetooth-netzwerk-cd-player-weiss-2","status":"publish","type":"product","link":"https:\/\/flagship.ryari.com\/index.php\/product\/denon-rcd-n11dab-bluetooth-netzwerk-cd-player-weiss-2\/","title":{"rendered":"Denon RCD-N11DAB Bluetooth Netzwerk-CD-Player &#8211; Wei\u00df"},"content":{"rendered":"","protected":false},"excerpt":{"rendered":"<p>Entdecken Sie Denon RCD-N11DAB Bluetooth Netzwerk-CD-Player &#8211; Wei\u00df in der gro\u00dfen Auswahl bei eBay. Kostenlose Lieferung f\u00fcr viele Artikel!<\/p>\n","protected":false},"featured_media":999980000000424710,"comment_status":"open","ping_status":"closed","template":"","meta":[],"product_cat":[338],"product_tag":[],"class_list":{"0":"post-42471","1":"product","2":"type-product","3":"status-publish","4":"has-post-thumbnail","6":"product_cat-cd-player-rekorder","8":"first","9":"instock","10":"taxable","11":"shipping-taxable","12":"product-type-external"},"acf":[],"_links":{"self":[{"href":"https:\/\/flagship.ryari.com\/index.php\/wp-json\/wp\/v2\/product\/42471","targetHints":{"allow":["GET"]}}],"collection":[{"href":"https:\/\/flagship.ryari.com\/index.php\/wp-json\/wp\/v2\/product"}],"about":[{"href":"https:\/\/flagship.ryari.com\/index.php\/wp-json\/wp\/v2\/types\/product"}],"replies":[{"embeddable":true,"href":"https:\/\/flagship.ryari.com\/index.php\/wp-json\/wp\/v2\/comments?post=42471"}],"wp:featuredmedia":[{"embeddable":true,"href":"https:\/\/flagship.ryari.com\/index.php\/wp-json\/"}],"wp:attachment":[{"href":"https:\/\/flagship.ryari.com\/index.php\/wp-json\/wp\/v2\/media?parent=42471"}],"wp:term":[{"taxonomy":"product_cat","embeddable":true,"href":"https:\/\/flagship.ryari.com\/index.php\/wp-json\/wp\/v2\/product_cat?post=42471"},{"taxonomy":"product_tag","embeddable":true,"href":"https:\/\/flagship.ryari.com\/index.php\/wp-json\/wp\/v2\/product_tag?post=42471"}],"curies":[{"name":"wp","href":"https:\/\/api.w.org\/{rel}","templated":true}]}}