{"id":43406,"date":"2023-05-09T15:57:15","date_gmt":"2023-05-09T15:57:15","guid":{"rendered":"https:\/\/flagship.ryari.com\/index.php\/product\/cd-spieler-koestritzer-player-ukw-radio-stereo-lautsprecher-retro-ovp-neu-2\/"},"modified":"2026-05-10T13:14:12","modified_gmt":"2026-05-10T13:14:12","slug":"cd-spieler-koestritzer-player-ukw-radio-stereo-lautsprecher-retro-ovp-neu-2","status":"publish","type":"product","link":"https:\/\/flagship.ryari.com\/index.php\/product\/cd-spieler-koestritzer-player-ukw-radio-stereo-lautsprecher-retro-ovp-neu-2\/","title":{"rendered":"CD-Spieler K\u00f6stritzer Player UKW-Radio Stereo Lautsprecher Retro OVP NEU"},"content":{"rendered":"","protected":false},"excerpt":{"rendered":"<p>Entdecken Sie CD-Spieler K\u00f6stritzer Player UKW-Radio Stereo Lautsprecher Retro OVP NEU in der gro\u00dfen Auswahl bei eBay. Kostenlose Lieferung f\u00fcr viele Artikel!<\/p>\n","protected":false},"featured_media":999980000000434060,"comment_status":"open","ping_status":"closed","template":"","meta":[],"product_cat":[338],"product_tag":[],"class_list":{"0":"post-43406","1":"product","2":"type-product","3":"status-publish","4":"has-post-thumbnail","6":"product_cat-cd-player-rekorder","8":"first","9":"instock","10":"taxable","11":"shipping-taxable","12":"product-type-external"},"acf":[],"_links":{"self":[{"href":"https:\/\/flagship.ryari.com\/index.php\/wp-json\/wp\/v2\/product\/43406","targetHints":{"allow":["GET"]}}],"collection":[{"href":"https:\/\/flagship.ryari.com\/index.php\/wp-json\/wp\/v2\/product"}],"about":[{"href":"https:\/\/flagship.ryari.com\/index.php\/wp-json\/wp\/v2\/types\/product"}],"replies":[{"embeddable":true,"href":"https:\/\/flagship.ryari.com\/index.php\/wp-json\/wp\/v2\/comments?post=43406"}],"wp:featuredmedia":[{"embeddable":true,"href":"https:\/\/flagship.ryari.com\/index.php\/wp-json\/"}],"wp:attachment":[{"href":"https:\/\/flagship.ryari.com\/index.php\/wp-json\/wp\/v2\/media?parent=43406"}],"wp:term":[{"taxonomy":"product_cat","embeddable":true,"href":"https:\/\/flagship.ryari.com\/index.php\/wp-json\/wp\/v2\/product_cat?post=43406"},{"taxonomy":"product_tag","embeddable":true,"href":"https:\/\/flagship.ryari.com\/index.php\/wp-json\/wp\/v2\/product_tag?post=43406"}],"curies":[{"name":"wp","href":"https:\/\/api.w.org\/{rel}","templated":true}]}}