{"id":45692,"date":"2023-05-10T11:17:46","date_gmt":"2023-05-10T11:17:46","guid":{"rendered":"https:\/\/flagship.ryari.com\/index.php\/product\/magnat-monitor-supreme-200-paar-mokka-neufachhaendler\/"},"modified":"2026-05-14T12:02:19","modified_gmt":"2026-05-14T12:02:19","slug":"magnat-monitor-supreme-200-paar-mokka-neufachhaendler","status":"publish","type":"product","link":"https:\/\/flagship.ryari.com\/index.php\/product\/magnat-monitor-supreme-200-paar-mokka-neufachhaendler\/","title":{"rendered":"Magnat Monitor Supreme 200 Paar *MOKKA* NEUFachh\u00e4ndler"},"content":{"rendered":"","protected":false},"excerpt":{"rendered":"<p>Entdecken Sie Magnat Monitor Supreme 200 Paar *MOKKA* NEUFachh\u00e4ndler in der gro\u00dfen Auswahl bei eBay. Kostenlose Lieferung f\u00fcr viele Artikel!<\/p>\n","protected":false},"featured_media":999980000000456920,"comment_status":"open","ping_status":"closed","template":"","meta":[],"product_cat":[339],"product_tag":[],"class_list":{"0":"post-45692","1":"product","2":"type-product","3":"status-publish","4":"has-post-thumbnail","6":"product_cat-lautsprecher","8":"first","9":"instock","10":"taxable","11":"shipping-taxable","12":"product-type-external"},"acf":[],"_links":{"self":[{"href":"https:\/\/flagship.ryari.com\/index.php\/wp-json\/wp\/v2\/product\/45692","targetHints":{"allow":["GET"]}}],"collection":[{"href":"https:\/\/flagship.ryari.com\/index.php\/wp-json\/wp\/v2\/product"}],"about":[{"href":"https:\/\/flagship.ryari.com\/index.php\/wp-json\/wp\/v2\/types\/product"}],"replies":[{"embeddable":true,"href":"https:\/\/flagship.ryari.com\/index.php\/wp-json\/wp\/v2\/comments?post=45692"}],"wp:featuredmedia":[{"embeddable":true,"href":"https:\/\/flagship.ryari.com\/index.php\/wp-json\/"}],"wp:attachment":[{"href":"https:\/\/flagship.ryari.com\/index.php\/wp-json\/wp\/v2\/media?parent=45692"}],"wp:term":[{"taxonomy":"product_cat","embeddable":true,"href":"https:\/\/flagship.ryari.com\/index.php\/wp-json\/wp\/v2\/product_cat?post=45692"},{"taxonomy":"product_tag","embeddable":true,"href":"https:\/\/flagship.ryari.com\/index.php\/wp-json\/wp\/v2\/product_tag?post=45692"}],"curies":[{"name":"wp","href":"https:\/\/api.w.org\/{rel}","templated":true}]}}