{"id":45965,"date":"2023-05-10T11:32:23","date_gmt":"2023-05-10T11:32:23","guid":{"rendered":"https:\/\/flagship.ryari.com\/index.php\/product\/sonos-one-sl-zweiweg-aktiver-multimedia-lautsprecher-weiss-onesleu1-2\/"},"modified":"2026-04-14T14:01:22","modified_gmt":"2026-04-14T14:01:22","slug":"sonos-one-sl-zweiweg-aktiver-multimedia-lautsprecher-weiss-onesleu1-2","status":"publish","type":"product","link":"https:\/\/flagship.ryari.com\/index.php\/product\/sonos-one-sl-zweiweg-aktiver-multimedia-lautsprecher-weiss-onesleu1-2\/","title":{"rendered":"Sonos One SL Zweiweg Aktiver Multimedia-Lautsprecher &#8211; Wei\u00df (ONESLEU1)"},"content":{"rendered":"","protected":false},"excerpt":{"rendered":"<p>Entdecken Sie Sonos One SL Zweiweg Aktiver Multimedia-Lautsprecher &#8211; Wei\u00df (ONESLEU1) in der gro\u00dfen Auswahl bei eBay. Kostenlose Lieferung f\u00fcr viele Artikel!<\/p>\n","protected":false},"featured_media":999980000000459650,"comment_status":"open","ping_status":"closed","template":"","meta":[],"product_cat":[339],"product_tag":[],"class_list":{"0":"post-45965","1":"product","2":"type-product","3":"status-publish","4":"has-post-thumbnail","6":"product_cat-lautsprecher","8":"first","9":"instock","10":"taxable","11":"shipping-taxable","12":"product-type-external"},"acf":[],"_links":{"self":[{"href":"https:\/\/flagship.ryari.com\/index.php\/wp-json\/wp\/v2\/product\/45965","targetHints":{"allow":["GET"]}}],"collection":[{"href":"https:\/\/flagship.ryari.com\/index.php\/wp-json\/wp\/v2\/product"}],"about":[{"href":"https:\/\/flagship.ryari.com\/index.php\/wp-json\/wp\/v2\/types\/product"}],"replies":[{"embeddable":true,"href":"https:\/\/flagship.ryari.com\/index.php\/wp-json\/wp\/v2\/comments?post=45965"}],"wp:featuredmedia":[{"embeddable":true,"href":"https:\/\/flagship.ryari.com\/index.php\/wp-json\/"}],"wp:attachment":[{"href":"https:\/\/flagship.ryari.com\/index.php\/wp-json\/wp\/v2\/media?parent=45965"}],"wp:term":[{"taxonomy":"product_cat","embeddable":true,"href":"https:\/\/flagship.ryari.com\/index.php\/wp-json\/wp\/v2\/product_cat?post=45965"},{"taxonomy":"product_tag","embeddable":true,"href":"https:\/\/flagship.ryari.com\/index.php\/wp-json\/wp\/v2\/product_tag?post=45965"}],"curies":[{"name":"wp","href":"https:\/\/api.w.org\/{rel}","templated":true}]}}