{"id":46374,"date":"2023-05-10T12:13:29","date_gmt":"2023-05-10T12:13:29","guid":{"rendered":"https:\/\/flagship.ryari.com\/index.php\/product\/quadral-argentum-390-haupt-stereolautsprecher-2\/"},"modified":"2026-04-27T20:48:44","modified_gmt":"2026-04-27T20:48:44","slug":"quadral-argentum-390-haupt-stereolautsprecher-2","status":"publish","type":"product","link":"https:\/\/flagship.ryari.com\/index.php\/product\/quadral-argentum-390-haupt-stereolautsprecher-2\/","title":{"rendered":"Quadral Argentum 390 Haupt-\/Stereolautsprecher"},"content":{"rendered":"<p>Bei dem Quadral Argentum 390 Haupt-\/Stereolautsprecher handelt es sich um ein 3-Wege-Heimkinosystem. Aufgrund einer Gr\u00f6\u00dfe von 1060x185x345 mm ist das Quadral Heimkinosystem auch f\u00fcr gro\u00dfe Wohnr\u00e4ume von bis zu 50 Quadratmetern geeignet. Durch die Gr\u00f6\u00dfe betr\u00e4gt das Gewicht beim Quadral Argentum 390 Home Entertainment System 17,77 kg. Technisch handelt es sich bei der Lautsprecher-Box um ein 3-Wege-Heimkinosystem auf Basis des Bassreflex-Prinzips. Hierunter versteht man, dass die Lautsprecher-Box nicht komplett geschlossen ist. Es gibt eine \u00d6ffnung an der Front, die als Resonator dient und den Wirkungsgrad des Lautsprechers erh\u00f6hen soll. In dem Geh\u00e4use des Quadral Heimkinosystems befindet sich ein Kalotten-Hocht\u00f6ner mit einem Durchmesser von 25 mm. Die Gr\u00f6\u00dfe des verwendeten Mittelt\u00f6ners betr\u00e4gt 135 mm. F\u00fcr die B\u00e4sse wurden zudem zwei Tieft\u00f6ner mit jeweils einem Durchmesser von 170 mm im Quadral Heimkinosystem verbaut. Mit diesen verwendeten Lautsprecherkomponenten erreicht das Quadral Argentum 390 Home Entertainment System eine Nennleistung von 140 Watt. Im Bereich der Musikleistung wird ein Wert von 200 Watt erreicht. Der Wirkungsgrad beim Quadral Heimkinosystem liegt bei 89 dB. Die Lautsprecher arbeiten innerhalb eines \u00dcbertragungsbereichs von 28 Hz und 45000 Hz. Die \u00dcbertragung selbst findet auf einer Frequenz von 350 Hz oder 2800 Hz statt. Die Impedanz, also der Wechselwiderstand, des Quadral Heimkinosystems liegt zwischen 4 Ohm und 8 Ohm.<\/p>\n","protected":false},"excerpt":{"rendered":"<p>Bei dem Quadral Argentum 390 Haupt-\/Stereolautsprecher handelt es sich um ein 3-Wege-Heimkinosystem. Aufgrund einer Gr\u00f6\u00dfe von 1060x185x345 mm ist das Quadral Heimkinosystem auch f\u00fcr gro\u00dfe Wohnr\u00e4ume von bis zu 50<\/p>\n","protected":false},"featured_media":999980000000463740,"comment_status":"open","ping_status":"closed","template":"","meta":[],"product_cat":[339],"product_tag":[],"class_list":{"0":"post-46374","1":"product","2":"type-product","3":"status-publish","4":"has-post-thumbnail","6":"product_cat-lautsprecher","8":"first","9":"instock","10":"taxable","11":"shipping-taxable","12":"product-type-external"},"acf":[],"_links":{"self":[{"href":"https:\/\/flagship.ryari.com\/index.php\/wp-json\/wp\/v2\/product\/46374","targetHints":{"allow":["GET"]}}],"collection":[{"href":"https:\/\/flagship.ryari.com\/index.php\/wp-json\/wp\/v2\/product"}],"about":[{"href":"https:\/\/flagship.ryari.com\/index.php\/wp-json\/wp\/v2\/types\/product"}],"replies":[{"embeddable":true,"href":"https:\/\/flagship.ryari.com\/index.php\/wp-json\/wp\/v2\/comments?post=46374"}],"wp:featuredmedia":[{"embeddable":true,"href":"https:\/\/flagship.ryari.com\/index.php\/wp-json\/"}],"wp:attachment":[{"href":"https:\/\/flagship.ryari.com\/index.php\/wp-json\/wp\/v2\/media?parent=46374"}],"wp:term":[{"taxonomy":"product_cat","embeddable":true,"href":"https:\/\/flagship.ryari.com\/index.php\/wp-json\/wp\/v2\/product_cat?post=46374"},{"taxonomy":"product_tag","embeddable":true,"href":"https:\/\/flagship.ryari.com\/index.php\/wp-json\/wp\/v2\/product_tag?post=46374"}],"curies":[{"name":"wp","href":"https:\/\/api.w.org\/{rel}","templated":true}]}}