{"id":46381,"date":"2023-05-10T12:13:51","date_gmt":"2023-05-10T12:13:51","guid":{"rendered":"https:\/\/flagship.ryari.com\/index.php\/product\/canton-sub-650-wenge-aktivsub-neuware-fachhaendler-hotline-0221-8006429-neu\/"},"modified":"2026-04-14T18:24:30","modified_gmt":"2026-04-14T18:24:30","slug":"canton-sub-650-wenge-aktivsub-neuware-fachhaendler-hotline-0221-8006429-neu","status":"publish","type":"product","link":"https:\/\/flagship.ryari.com\/index.php\/product\/canton-sub-650-wenge-aktivsub-neuware-fachhaendler-hotline-0221-8006429-neu\/","title":{"rendered":"Canton Sub 650 *WENGE* AKTIVSUB NEUWARE* Fachh\u00e4ndler HOTLINE 0221-8006429 *NEU"},"content":{"rendered":"","protected":false},"excerpt":{"rendered":"<p>Entdecken Sie Canton Sub 650 *WENGE* AKTIVSUB NEUWARE* Fachh\u00e4ndler HOTLINE 0221-8006429 *NEU in der gro\u00dfen Auswahl bei eBay. Kostenlose Lieferung f\u00fcr viele Artikel!<\/p>\n","protected":false},"featured_media":999980000000463810,"comment_status":"open","ping_status":"closed","template":"","meta":[],"product_cat":[342],"product_tag":[],"class_list":{"0":"post-46381","1":"product","2":"type-product","3":"status-publish","4":"has-post-thumbnail","6":"product_cat-subwoofer","8":"first","9":"instock","10":"taxable","11":"shipping-taxable","12":"product-type-external"},"acf":[],"_links":{"self":[{"href":"https:\/\/flagship.ryari.com\/index.php\/wp-json\/wp\/v2\/product\/46381","targetHints":{"allow":["GET"]}}],"collection":[{"href":"https:\/\/flagship.ryari.com\/index.php\/wp-json\/wp\/v2\/product"}],"about":[{"href":"https:\/\/flagship.ryari.com\/index.php\/wp-json\/wp\/v2\/types\/product"}],"replies":[{"embeddable":true,"href":"https:\/\/flagship.ryari.com\/index.php\/wp-json\/wp\/v2\/comments?post=46381"}],"wp:featuredmedia":[{"embeddable":true,"href":"https:\/\/flagship.ryari.com\/index.php\/wp-json\/"}],"wp:attachment":[{"href":"https:\/\/flagship.ryari.com\/index.php\/wp-json\/wp\/v2\/media?parent=46381"}],"wp:term":[{"taxonomy":"product_cat","embeddable":true,"href":"https:\/\/flagship.ryari.com\/index.php\/wp-json\/wp\/v2\/product_cat?post=46381"},{"taxonomy":"product_tag","embeddable":true,"href":"https:\/\/flagship.ryari.com\/index.php\/wp-json\/wp\/v2\/product_tag?post=46381"}],"curies":[{"name":"wp","href":"https:\/\/api.w.org\/{rel}","templated":true}]}}