{"id":47539,"date":"2023-05-10T17:07:08","date_gmt":"2023-05-10T17:07:08","guid":{"rendered":"https:\/\/flagship.ryari.com\/index.php\/product\/nobsound-mm-mc-phono-plattenspieler-vorverstaerker-stereo-turntable-preamplifier\/"},"modified":"2026-04-17T14:38:06","modified_gmt":"2026-04-17T14:38:06","slug":"nobsound-mm-mc-phono-plattenspieler-vorverstaerker-stereo-turntable-preamplifier","status":"publish","type":"product","link":"https:\/\/flagship.ryari.com\/index.php\/product\/nobsound-mm-mc-phono-plattenspieler-vorverstaerker-stereo-turntable-preamplifier\/","title":{"rendered":"Nobsound Mm MC Phono Plattenspieler Vorverst\u00e4rker stereo Turntable Preamplifier"},"content":{"rendered":"","protected":false},"excerpt":{"rendered":"<p>Entdecken Sie Nobsound Mm MC Phono Plattenspieler Vorverst\u00e4rker stereo Turntable Preamplifier in der gro\u00dfen Auswahl bei eBay. Kostenlose Lieferung f\u00fcr viele Artikel!<\/p>\n","protected":false},"featured_media":999980000000475390,"comment_status":"open","ping_status":"closed","template":"","meta":[],"product_cat":[340],"product_tag":[],"class_list":{"0":"post-47539","1":"product","2":"type-product","3":"status-publish","4":"has-post-thumbnail","6":"product_cat-verstaerker-vorverstaerker-hifi","8":"first","9":"instock","10":"taxable","11":"shipping-taxable","12":"product-type-external"},"acf":[],"_links":{"self":[{"href":"https:\/\/flagship.ryari.com\/index.php\/wp-json\/wp\/v2\/product\/47539","targetHints":{"allow":["GET"]}}],"collection":[{"href":"https:\/\/flagship.ryari.com\/index.php\/wp-json\/wp\/v2\/product"}],"about":[{"href":"https:\/\/flagship.ryari.com\/index.php\/wp-json\/wp\/v2\/types\/product"}],"replies":[{"embeddable":true,"href":"https:\/\/flagship.ryari.com\/index.php\/wp-json\/wp\/v2\/comments?post=47539"}],"wp:featuredmedia":[{"embeddable":true,"href":"https:\/\/flagship.ryari.com\/index.php\/wp-json\/"}],"wp:attachment":[{"href":"https:\/\/flagship.ryari.com\/index.php\/wp-json\/wp\/v2\/media?parent=47539"}],"wp:term":[{"taxonomy":"product_cat","embeddable":true,"href":"https:\/\/flagship.ryari.com\/index.php\/wp-json\/wp\/v2\/product_cat?post=47539"},{"taxonomy":"product_tag","embeddable":true,"href":"https:\/\/flagship.ryari.com\/index.php\/wp-json\/wp\/v2\/product_tag?post=47539"}],"curies":[{"name":"wp","href":"https:\/\/api.w.org\/{rel}","templated":true}]}}