{"id":48747,"date":"2023-05-10T18:04:22","date_gmt":"2023-05-10T18:04:22","guid":{"rendered":"https:\/\/flagship.ryari.com\/index.php\/product\/bluetooth-kopfhoererin-ear-kopfhoerer-bluetooth-5-3-kopfhoerer-kabellos-2\/"},"modified":"2026-04-24T04:01:44","modified_gmt":"2026-04-24T04:01:44","slug":"bluetooth-kopfhoererin-ear-kopfhoerer-bluetooth-5-3-kopfhoerer-kabellos-2","status":"publish","type":"product","link":"https:\/\/flagship.ryari.com\/index.php\/product\/bluetooth-kopfhoererin-ear-kopfhoerer-bluetooth-5-3-kopfhoerer-kabellos-2\/","title":{"rendered":"Bluetooth Kopfh\u00f6rer,In Ear Kopfh\u00f6rer Bluetooth 5.3 Kopfh\u00f6rer Kabellos"},"content":{"rendered":"","protected":false},"excerpt":{"rendered":"<p>Entdecken Sie Bluetooth Kopfh\u00f6rer,In Ear Kopfh\u00f6rer Bluetooth 5.3 Kopfh\u00f6rer Kabellos in der gro\u00dfen Auswahl bei eBay. Kostenlose Lieferung f\u00fcr viele Artikel!<\/p>\n","protected":false},"featured_media":999980000000487470,"comment_status":"open","ping_status":"closed","template":"","meta":[],"product_cat":[350],"product_tag":[],"class_list":{"0":"post-48747","1":"product","2":"type-product","3":"status-publish","4":"has-post-thumbnail","6":"product_cat-kopfhoerer-bluetooth","8":"first","9":"instock","10":"taxable","11":"shipping-taxable","12":"product-type-external"},"acf":[],"_links":{"self":[{"href":"https:\/\/flagship.ryari.com\/index.php\/wp-json\/wp\/v2\/product\/48747","targetHints":{"allow":["GET"]}}],"collection":[{"href":"https:\/\/flagship.ryari.com\/index.php\/wp-json\/wp\/v2\/product"}],"about":[{"href":"https:\/\/flagship.ryari.com\/index.php\/wp-json\/wp\/v2\/types\/product"}],"replies":[{"embeddable":true,"href":"https:\/\/flagship.ryari.com\/index.php\/wp-json\/wp\/v2\/comments?post=48747"}],"wp:featuredmedia":[{"embeddable":true,"href":"https:\/\/flagship.ryari.com\/index.php\/wp-json\/"}],"wp:attachment":[{"href":"https:\/\/flagship.ryari.com\/index.php\/wp-json\/wp\/v2\/media?parent=48747"}],"wp:term":[{"taxonomy":"product_cat","embeddable":true,"href":"https:\/\/flagship.ryari.com\/index.php\/wp-json\/wp\/v2\/product_cat?post=48747"},{"taxonomy":"product_tag","embeddable":true,"href":"https:\/\/flagship.ryari.com\/index.php\/wp-json\/wp\/v2\/product_tag?post=48747"}],"curies":[{"name":"wp","href":"https:\/\/api.w.org\/{rel}","templated":true}]}}