{"id":48868,"date":"2023-05-10T18:08:25","date_gmt":"2023-05-10T18:08:25","guid":{"rendered":"https:\/\/flagship.ryari.com\/index.php\/product\/jvc-sport-handy-kopfhoerer-bluetooth-5-0-in-ear-kabellos-headset-mit-mikrofon-ios\/"},"modified":"2026-04-14T14:02:36","modified_gmt":"2026-04-14T14:02:36","slug":"jvc-sport-handy-kopfhoerer-bluetooth-5-0-in-ear-kabellos-headset-mit-mikrofon-ios","status":"publish","type":"product","link":"https:\/\/flagship.ryari.com\/index.php\/product\/jvc-sport-handy-kopfhoerer-bluetooth-5-0-in-ear-kabellos-headset-mit-mikrofon-ios\/","title":{"rendered":"JVC Sport Handy Kopfh\u00f6rer Bluetooth 5.0 In-Ear Kabellos Headset mit Mikrofon iOS"},"content":{"rendered":"","protected":false},"excerpt":{"rendered":"<p>Entdecken Sie JVC Sport Handy Kopfh\u00f6rer Bluetooth 5.0 In-Ear Kabellos Headset mit Mikrofon iOS in der gro\u00dfen Auswahl bei eBay. Kostenlose Lieferung f\u00fcr viele Artikel!<\/p>\n","protected":false},"featured_media":999980000000488680,"comment_status":"open","ping_status":"closed","template":"","meta":[],"product_cat":[350],"product_tag":[],"class_list":{"0":"post-48868","1":"product","2":"type-product","3":"status-publish","4":"has-post-thumbnail","6":"product_cat-kopfhoerer-bluetooth","8":"first","9":"instock","10":"taxable","11":"shipping-taxable","12":"product-type-external"},"acf":[],"_links":{"self":[{"href":"https:\/\/flagship.ryari.com\/index.php\/wp-json\/wp\/v2\/product\/48868","targetHints":{"allow":["GET"]}}],"collection":[{"href":"https:\/\/flagship.ryari.com\/index.php\/wp-json\/wp\/v2\/product"}],"about":[{"href":"https:\/\/flagship.ryari.com\/index.php\/wp-json\/wp\/v2\/types\/product"}],"replies":[{"embeddable":true,"href":"https:\/\/flagship.ryari.com\/index.php\/wp-json\/wp\/v2\/comments?post=48868"}],"wp:featuredmedia":[{"embeddable":true,"href":"https:\/\/flagship.ryari.com\/index.php\/wp-json\/"}],"wp:attachment":[{"href":"https:\/\/flagship.ryari.com\/index.php\/wp-json\/wp\/v2\/media?parent=48868"}],"wp:term":[{"taxonomy":"product_cat","embeddable":true,"href":"https:\/\/flagship.ryari.com\/index.php\/wp-json\/wp\/v2\/product_cat?post=48868"},{"taxonomy":"product_tag","embeddable":true,"href":"https:\/\/flagship.ryari.com\/index.php\/wp-json\/wp\/v2\/product_tag?post=48868"}],"curies":[{"name":"wp","href":"https:\/\/api.w.org\/{rel}","templated":true}]}}