{"id":49053,"date":"2023-05-10T19:21:19","date_gmt":"2023-05-10T19:21:19","guid":{"rendered":"https:\/\/flagship.ryari.com\/index.php\/product\/yamaha-tw-e3a-bluetooth-kopfhoerer-premium-kabellose-in-ear-kopfhoerer\/"},"modified":"2026-04-23T12:18:08","modified_gmt":"2026-04-23T12:18:08","slug":"yamaha-tw-e3a-bluetooth-kopfhoerer-premium-kabellose-in-ear-kopfhoerer","status":"publish","type":"product","link":"https:\/\/flagship.ryari.com\/index.php\/product\/yamaha-tw-e3a-bluetooth-kopfhoerer-premium-kabellose-in-ear-kopfhoerer\/","title":{"rendered":"Yamaha TW-E3A Bluetooth-Kopfh\u00f6rer Premium \u2013 Kabellose In &#8211; Ear &#8211; Kopfh\u00f6rer"},"content":{"rendered":"","protected":false},"excerpt":{"rendered":"<p>Entdecken Sie Yamaha TW-E3A Bluetooth-Kopfh\u00f6rer Premium \u2013 Kabellose In &#8211; Ear &#8211; Kopfh\u00f6rer in der gro\u00dfen Auswahl bei eBay. Kostenlose Lieferung f\u00fcr viele Artikel!<\/p>\n","protected":false},"featured_media":999980000000490530,"comment_status":"open","ping_status":"closed","template":"","meta":[],"product_cat":[350],"product_tag":[],"class_list":{"0":"post-49053","1":"product","2":"type-product","3":"status-publish","4":"has-post-thumbnail","6":"product_cat-kopfhoerer-bluetooth","8":"first","9":"instock","10":"taxable","11":"shipping-taxable","12":"product-type-external"},"acf":[],"_links":{"self":[{"href":"https:\/\/flagship.ryari.com\/index.php\/wp-json\/wp\/v2\/product\/49053","targetHints":{"allow":["GET"]}}],"collection":[{"href":"https:\/\/flagship.ryari.com\/index.php\/wp-json\/wp\/v2\/product"}],"about":[{"href":"https:\/\/flagship.ryari.com\/index.php\/wp-json\/wp\/v2\/types\/product"}],"replies":[{"embeddable":true,"href":"https:\/\/flagship.ryari.com\/index.php\/wp-json\/wp\/v2\/comments?post=49053"}],"wp:featuredmedia":[{"embeddable":true,"href":"https:\/\/flagship.ryari.com\/index.php\/wp-json\/"}],"wp:attachment":[{"href":"https:\/\/flagship.ryari.com\/index.php\/wp-json\/wp\/v2\/media?parent=49053"}],"wp:term":[{"taxonomy":"product_cat","embeddable":true,"href":"https:\/\/flagship.ryari.com\/index.php\/wp-json\/wp\/v2\/product_cat?post=49053"},{"taxonomy":"product_tag","embeddable":true,"href":"https:\/\/flagship.ryari.com\/index.php\/wp-json\/wp\/v2\/product_tag?post=49053"}],"curies":[{"name":"wp","href":"https:\/\/api.w.org\/{rel}","templated":true}]}}