{"id":49495,"date":"2023-05-10T19:39:16","date_gmt":"2023-05-10T19:39:16","guid":{"rendered":"https:\/\/flagship.ryari.com\/index.php\/product\/2-ohrpolster-90-mm-passend-anr-den-kopfhoerer-vivanco-chh-505\/"},"modified":"2026-04-27T17:45:46","modified_gmt":"2026-04-27T17:45:46","slug":"2-ohrpolster-90-mm-passend-anr-den-kopfhoerer-vivanco-chh-505","status":"publish","type":"product","link":"https:\/\/flagship.ryari.com\/index.php\/product\/2-ohrpolster-90-mm-passend-anr-den-kopfhoerer-vivanco-chh-505\/","title":{"rendered":"2 Ohrpolster 90 mm passend anr den Kopfh\u00f6rer Vivanco CHH 505"},"content":{"rendered":"","protected":false},"excerpt":{"rendered":"<p>Entdecken Sie 2 Ohrpolster 90 mm passend anr den Kopfh\u00f6rer Vivanco CHH 505 in der gro\u00dfen Auswahl bei eBay. Kostenlose Lieferung f\u00fcr viele Artikel!<\/p>\n","protected":false},"featured_media":999980000000494950,"comment_status":"open","ping_status":"closed","template":"","meta":[],"product_cat":[350],"product_tag":[],"class_list":{"0":"post-49495","1":"product","2":"type-product","3":"status-publish","4":"has-post-thumbnail","6":"product_cat-kopfhoerer-bluetooth","8":"first","9":"instock","10":"taxable","11":"shipping-taxable","12":"product-type-external"},"acf":[],"_links":{"self":[{"href":"https:\/\/flagship.ryari.com\/index.php\/wp-json\/wp\/v2\/product\/49495","targetHints":{"allow":["GET"]}}],"collection":[{"href":"https:\/\/flagship.ryari.com\/index.php\/wp-json\/wp\/v2\/product"}],"about":[{"href":"https:\/\/flagship.ryari.com\/index.php\/wp-json\/wp\/v2\/types\/product"}],"replies":[{"embeddable":true,"href":"https:\/\/flagship.ryari.com\/index.php\/wp-json\/wp\/v2\/comments?post=49495"}],"wp:featuredmedia":[{"embeddable":true,"href":"https:\/\/flagship.ryari.com\/index.php\/wp-json\/"}],"wp:attachment":[{"href":"https:\/\/flagship.ryari.com\/index.php\/wp-json\/wp\/v2\/media?parent=49495"}],"wp:term":[{"taxonomy":"product_cat","embeddable":true,"href":"https:\/\/flagship.ryari.com\/index.php\/wp-json\/wp\/v2\/product_cat?post=49495"},{"taxonomy":"product_tag","embeddable":true,"href":"https:\/\/flagship.ryari.com\/index.php\/wp-json\/wp\/v2\/product_tag?post=49495"}],"curies":[{"name":"wp","href":"https:\/\/api.w.org\/{rel}","templated":true}]}}