{"id":49830,"date":"2023-05-10T19:55:08","date_gmt":"2023-05-10T19:55:08","guid":{"rendered":"https:\/\/flagship.ryari.com\/index.php\/product\/sony-mdr-ex15lp-in-ear-kopfhoerer-blau\/"},"modified":"2026-04-23T15:57:21","modified_gmt":"2026-04-23T15:57:21","slug":"sony-mdr-ex15lp-in-ear-kopfhoerer-blau","status":"publish","type":"product","link":"https:\/\/flagship.ryari.com\/index.php\/product\/sony-mdr-ex15lp-in-ear-kopfhoerer-blau\/","title":{"rendered":"Sony MDR-EX15LP In-Ear Kopfh\u00f6rer &#8211; Blau"},"content":{"rendered":"","protected":false},"excerpt":{"rendered":"<p>Entdecken Sie Sony MDR-EX15LP In-Ear Kopfh\u00f6rer &#8211; Blau in der gro\u00dfen Auswahl bei eBay. Kostenlose Lieferung f\u00fcr viele Artikel!<\/p>\n","protected":false},"featured_media":999980000000498300,"comment_status":"open","ping_status":"closed","template":"","meta":[],"product_cat":[352],"product_tag":[],"class_list":{"0":"post-49830","1":"product","2":"type-product","3":"status-publish","4":"has-post-thumbnail","6":"product_cat-kopfhoerer-kabel","8":"first","9":"instock","10":"taxable","11":"shipping-taxable","12":"product-type-external"},"acf":[],"_links":{"self":[{"href":"https:\/\/flagship.ryari.com\/index.php\/wp-json\/wp\/v2\/product\/49830","targetHints":{"allow":["GET"]}}],"collection":[{"href":"https:\/\/flagship.ryari.com\/index.php\/wp-json\/wp\/v2\/product"}],"about":[{"href":"https:\/\/flagship.ryari.com\/index.php\/wp-json\/wp\/v2\/types\/product"}],"replies":[{"embeddable":true,"href":"https:\/\/flagship.ryari.com\/index.php\/wp-json\/wp\/v2\/comments?post=49830"}],"wp:featuredmedia":[{"embeddable":true,"href":"https:\/\/flagship.ryari.com\/index.php\/wp-json\/"}],"wp:attachment":[{"href":"https:\/\/flagship.ryari.com\/index.php\/wp-json\/wp\/v2\/media?parent=49830"}],"wp:term":[{"taxonomy":"product_cat","embeddable":true,"href":"https:\/\/flagship.ryari.com\/index.php\/wp-json\/wp\/v2\/product_cat?post=49830"},{"taxonomy":"product_tag","embeddable":true,"href":"https:\/\/flagship.ryari.com\/index.php\/wp-json\/wp\/v2\/product_tag?post=49830"}],"curies":[{"name":"wp","href":"https:\/\/api.w.org\/{rel}","templated":true}]}}