{"id":50195,"date":"2023-05-10T20:08:50","date_gmt":"2023-05-10T20:08:50","guid":{"rendered":"https:\/\/flagship.ryari.com\/index.php\/product\/lenovo-livepods-lp40-tws-bluetooth-in-ear-kopfhoerer-weiss\/"},"modified":"2026-04-12T02:30:22","modified_gmt":"2026-04-12T02:30:22","slug":"lenovo-livepods-lp40-tws-bluetooth-in-ear-kopfhoerer-weiss","status":"publish","type":"product","link":"https:\/\/flagship.ryari.com\/index.php\/product\/lenovo-livepods-lp40-tws-bluetooth-in-ear-kopfhoerer-weiss\/","title":{"rendered":"Lenovo LivePods LP40 TWS Bluetooth In-Ear-Kopfh\u00f6rer &#8211; Wei\u00df"},"content":{"rendered":"","protected":false},"excerpt":{"rendered":"<p>Entdecken Sie Lenovo LivePods LP40 TWS Bluetooth In-Ear-Kopfh\u00f6rer &#8211; Wei\u00df in der gro\u00dfen Auswahl bei eBay. Kostenlose Lieferung f\u00fcr viele Artikel!<\/p>\n","protected":false},"featured_media":999980000000501950,"comment_status":"open","ping_status":"closed","template":"","meta":[],"product_cat":[350],"product_tag":[],"class_list":{"0":"post-50195","1":"product","2":"type-product","3":"status-publish","4":"has-post-thumbnail","6":"product_cat-kopfhoerer-bluetooth","8":"first","9":"instock","10":"taxable","11":"shipping-taxable","12":"product-type-external"},"acf":[],"_links":{"self":[{"href":"https:\/\/flagship.ryari.com\/index.php\/wp-json\/wp\/v2\/product\/50195","targetHints":{"allow":["GET"]}}],"collection":[{"href":"https:\/\/flagship.ryari.com\/index.php\/wp-json\/wp\/v2\/product"}],"about":[{"href":"https:\/\/flagship.ryari.com\/index.php\/wp-json\/wp\/v2\/types\/product"}],"replies":[{"embeddable":true,"href":"https:\/\/flagship.ryari.com\/index.php\/wp-json\/wp\/v2\/comments?post=50195"}],"wp:featuredmedia":[{"embeddable":true,"href":"https:\/\/flagship.ryari.com\/index.php\/wp-json\/"}],"wp:attachment":[{"href":"https:\/\/flagship.ryari.com\/index.php\/wp-json\/wp\/v2\/media?parent=50195"}],"wp:term":[{"taxonomy":"product_cat","embeddable":true,"href":"https:\/\/flagship.ryari.com\/index.php\/wp-json\/wp\/v2\/product_cat?post=50195"},{"taxonomy":"product_tag","embeddable":true,"href":"https:\/\/flagship.ryari.com\/index.php\/wp-json\/wp\/v2\/product_tag?post=50195"}],"curies":[{"name":"wp","href":"https:\/\/api.w.org\/{rel}","templated":true}]}}