{"id":50203,"date":"2023-05-10T20:09:00","date_gmt":"2023-05-10T20:09:00","guid":{"rendered":"https:\/\/flagship.ryari.com\/index.php\/product\/2-ohrpolster-95-mm-passend-an-kopfhoerer-sony-mdr-rf800r-wireless-stereo-2\/"},"modified":"2026-04-06T11:23:57","modified_gmt":"2026-04-06T11:23:57","slug":"2-ohrpolster-95-mm-passend-an-kopfhoerer-sony-mdr-rf800r-wireless-stereo-2","status":"publish","type":"product","link":"https:\/\/flagship.ryari.com\/index.php\/product\/2-ohrpolster-95-mm-passend-an-kopfhoerer-sony-mdr-rf800r-wireless-stereo-2\/","title":{"rendered":"2 Ohrpolster 95 mm passend an Kopfh\u00f6rer Sony MDR-RF800R wireless stereo"},"content":{"rendered":"","protected":false},"excerpt":{"rendered":"<p>Entdecken Sie 2 Ohrpolster 95 mm passend an Kopfh\u00f6rer Sony MDR-RF800R wireless stereo in der gro\u00dfen Auswahl bei eBay. Kostenlose Lieferung f\u00fcr viele Artikel!<\/p>\n","protected":false},"featured_media":999980000000502030,"comment_status":"open","ping_status":"closed","template":"","meta":[],"product_cat":[350],"product_tag":[],"class_list":{"0":"post-50203","1":"product","2":"type-product","3":"status-publish","4":"has-post-thumbnail","6":"product_cat-kopfhoerer-bluetooth","8":"first","9":"instock","10":"taxable","11":"shipping-taxable","12":"product-type-external"},"acf":[],"_links":{"self":[{"href":"https:\/\/flagship.ryari.com\/index.php\/wp-json\/wp\/v2\/product\/50203","targetHints":{"allow":["GET"]}}],"collection":[{"href":"https:\/\/flagship.ryari.com\/index.php\/wp-json\/wp\/v2\/product"}],"about":[{"href":"https:\/\/flagship.ryari.com\/index.php\/wp-json\/wp\/v2\/types\/product"}],"replies":[{"embeddable":true,"href":"https:\/\/flagship.ryari.com\/index.php\/wp-json\/wp\/v2\/comments?post=50203"}],"wp:featuredmedia":[{"embeddable":true,"href":"https:\/\/flagship.ryari.com\/index.php\/wp-json\/"}],"wp:attachment":[{"href":"https:\/\/flagship.ryari.com\/index.php\/wp-json\/wp\/v2\/media?parent=50203"}],"wp:term":[{"taxonomy":"product_cat","embeddable":true,"href":"https:\/\/flagship.ryari.com\/index.php\/wp-json\/wp\/v2\/product_cat?post=50203"},{"taxonomy":"product_tag","embeddable":true,"href":"https:\/\/flagship.ryari.com\/index.php\/wp-json\/wp\/v2\/product_tag?post=50203"}],"curies":[{"name":"wp","href":"https:\/\/api.w.org\/{rel}","templated":true}]}}