{"id":51176,"date":"2023-05-11T11:09:25","date_gmt":"2023-05-11T11:09:25","guid":{"rendered":"https:\/\/flagship.ryari.com\/index.php\/product\/2-ohrkissen-o-60-mm-passend-an-philips-shb6250-shb-6250-kopfhoerer-2\/"},"modified":"2026-04-06T11:25:37","modified_gmt":"2026-04-06T11:25:37","slug":"2-ohrkissen-o-60-mm-passend-an-philips-shb6250-shb-6250-kopfhoerer-2","status":"publish","type":"product","link":"https:\/\/flagship.ryari.com\/index.php\/product\/2-ohrkissen-o-60-mm-passend-an-philips-shb6250-shb-6250-kopfhoerer-2\/","title":{"rendered":"2 Ohrkissen \u00d8 60 mm passend an Philips SHB6250 SHB 6250 Kopfh\u00f6rer"},"content":{"rendered":"","protected":false},"excerpt":{"rendered":"<p>Entdecken Sie 2 Ohrkissen \u00d8 60 mm passend an Philips SHB6250 SHB 6250 Kopfh\u00f6rer in der gro\u00dfen Auswahl bei eBay. Kostenlose Lieferung f\u00fcr viele Artikel!<\/p>\n","protected":false},"featured_media":999980000000511760,"comment_status":"open","ping_status":"closed","template":"","meta":[],"product_cat":[350],"product_tag":[],"class_list":{"0":"post-51176","1":"product","2":"type-product","3":"status-publish","4":"has-post-thumbnail","6":"product_cat-kopfhoerer-bluetooth","8":"first","9":"instock","10":"taxable","11":"shipping-taxable","12":"product-type-external"},"acf":[],"_links":{"self":[{"href":"https:\/\/flagship.ryari.com\/index.php\/wp-json\/wp\/v2\/product\/51176","targetHints":{"allow":["GET"]}}],"collection":[{"href":"https:\/\/flagship.ryari.com\/index.php\/wp-json\/wp\/v2\/product"}],"about":[{"href":"https:\/\/flagship.ryari.com\/index.php\/wp-json\/wp\/v2\/types\/product"}],"replies":[{"embeddable":true,"href":"https:\/\/flagship.ryari.com\/index.php\/wp-json\/wp\/v2\/comments?post=51176"}],"wp:featuredmedia":[{"embeddable":true,"href":"https:\/\/flagship.ryari.com\/index.php\/wp-json\/"}],"wp:attachment":[{"href":"https:\/\/flagship.ryari.com\/index.php\/wp-json\/wp\/v2\/media?parent=51176"}],"wp:term":[{"taxonomy":"product_cat","embeddable":true,"href":"https:\/\/flagship.ryari.com\/index.php\/wp-json\/wp\/v2\/product_cat?post=51176"},{"taxonomy":"product_tag","embeddable":true,"href":"https:\/\/flagship.ryari.com\/index.php\/wp-json\/wp\/v2\/product_tag?post=51176"}],"curies":[{"name":"wp","href":"https:\/\/api.w.org\/{rel}","templated":true}]}}