{"id":52858,"date":"2023-05-11T12:42:45","date_gmt":"2023-05-11T12:42:45","guid":{"rendered":"https:\/\/flagship.ryari.com\/index.php\/product\/akku-fuer-bose-soundlink-mini-bluetooth-box-lautsprecher-wie-063287-063404-7-2\/"},"modified":"2026-04-14T12:53:42","modified_gmt":"2026-04-14T12:53:42","slug":"akku-fuer-bose-soundlink-mini-bluetooth-box-lautsprecher-wie-063287-063404-7-2","status":"publish","type":"product","link":"https:\/\/flagship.ryari.com\/index.php\/product\/akku-fuer-bose-soundlink-mini-bluetooth-box-lautsprecher-wie-063287-063404-7-2\/","title":{"rendered":"Akku f\u00fcr Bose Soundlink Mini Bluetooth Box Lautsprecher | wie 063287 063404 | 7,"},"content":{"rendered":"","protected":false},"excerpt":{"rendered":"<p>Entdecken Sie Akku f\u00fcr Bose Soundlink Mini Bluetooth Box Lautsprecher | wie 063287 063404 | 7, in der gro\u00dfen Auswahl bei eBay. Kostenlose Lieferung f\u00fcr viele Artikel!<\/p>\n","protected":false},"featured_media":999980000000528580,"comment_status":"open","ping_status":"closed","template":"","meta":[],"product_cat":[347],"product_tag":[],"class_list":{"0":"post-52858","1":"product","2":"type-product","3":"status-publish","4":"has-post-thumbnail","6":"product_cat-tragbare-lautsprecher-docks","8":"first","9":"instock","10":"taxable","11":"shipping-taxable","12":"product-type-external"},"acf":[],"_links":{"self":[{"href":"https:\/\/flagship.ryari.com\/index.php\/wp-json\/wp\/v2\/product\/52858","targetHints":{"allow":["GET"]}}],"collection":[{"href":"https:\/\/flagship.ryari.com\/index.php\/wp-json\/wp\/v2\/product"}],"about":[{"href":"https:\/\/flagship.ryari.com\/index.php\/wp-json\/wp\/v2\/types\/product"}],"replies":[{"embeddable":true,"href":"https:\/\/flagship.ryari.com\/index.php\/wp-json\/wp\/v2\/comments?post=52858"}],"wp:featuredmedia":[{"embeddable":true,"href":"https:\/\/flagship.ryari.com\/index.php\/wp-json\/"}],"wp:attachment":[{"href":"https:\/\/flagship.ryari.com\/index.php\/wp-json\/wp\/v2\/media?parent=52858"}],"wp:term":[{"taxonomy":"product_cat","embeddable":true,"href":"https:\/\/flagship.ryari.com\/index.php\/wp-json\/wp\/v2\/product_cat?post=52858"},{"taxonomy":"product_tag","embeddable":true,"href":"https:\/\/flagship.ryari.com\/index.php\/wp-json\/wp\/v2\/product_tag?post=52858"}],"curies":[{"name":"wp","href":"https:\/\/api.w.org\/{rel}","templated":true}]}}