{"id":53037,"date":"2023-05-11T12:49:18","date_gmt":"2023-05-11T12:49:18","guid":{"rendered":"https:\/\/flagship.ryari.com\/index.php\/product\/2x-monacor-spc-200-abdeckkappen-fuer-lautsprecher-130mm-o-max-110mm-lautsprecher-2\/"},"modified":"2026-04-11T23:05:13","modified_gmt":"2026-04-11T23:05:13","slug":"2x-monacor-spc-200-abdeckkappen-fuer-lautsprecher-130mm-o-max-110mm-lautsprecher-2","status":"publish","type":"product","link":"https:\/\/flagship.ryari.com\/index.php\/product\/2x-monacor-spc-200-abdeckkappen-fuer-lautsprecher-130mm-o-max-110mm-lautsprecher-2\/","title":{"rendered":"2x MONACOR SPC-200 Abdeckkappen f\u00fcr Lautsprecher 130mm \u00d8 max. 110mm Lautsprecher"},"content":{"rendered":"","protected":false},"excerpt":{"rendered":"<p>Entdecken Sie 2x MONACOR SPC-200 Abdeckkappen f\u00fcr Lautsprecher 130mm \u00d8 max. 110mm Lautsprecher in der gro\u00dfen Auswahl bei eBay. Kostenlose Lieferung f\u00fcr viele Artikel!<\/p>\n","protected":false},"featured_media":999980000000530370,"comment_status":"open","ping_status":"closed","template":"","meta":[],"product_cat":[347],"product_tag":[],"class_list":{"0":"post-53037","1":"product","2":"type-product","3":"status-publish","4":"has-post-thumbnail","6":"product_cat-tragbare-lautsprecher-docks","8":"first","9":"instock","10":"taxable","11":"shipping-taxable","12":"product-type-external"},"acf":[],"_links":{"self":[{"href":"https:\/\/flagship.ryari.com\/index.php\/wp-json\/wp\/v2\/product\/53037","targetHints":{"allow":["GET"]}}],"collection":[{"href":"https:\/\/flagship.ryari.com\/index.php\/wp-json\/wp\/v2\/product"}],"about":[{"href":"https:\/\/flagship.ryari.com\/index.php\/wp-json\/wp\/v2\/types\/product"}],"replies":[{"embeddable":true,"href":"https:\/\/flagship.ryari.com\/index.php\/wp-json\/wp\/v2\/comments?post=53037"}],"wp:featuredmedia":[{"embeddable":true,"href":"https:\/\/flagship.ryari.com\/index.php\/wp-json\/"}],"wp:attachment":[{"href":"https:\/\/flagship.ryari.com\/index.php\/wp-json\/wp\/v2\/media?parent=53037"}],"wp:term":[{"taxonomy":"product_cat","embeddable":true,"href":"https:\/\/flagship.ryari.com\/index.php\/wp-json\/wp\/v2\/product_cat?post=53037"},{"taxonomy":"product_tag","embeddable":true,"href":"https:\/\/flagship.ryari.com\/index.php\/wp-json\/wp\/v2\/product_tag?post=53037"}],"curies":[{"name":"wp","href":"https:\/\/api.w.org\/{rel}","templated":true}]}}