{"id":53162,"date":"2023-05-11T12:54:14","date_gmt":"2023-05-11T12:54:14","guid":{"rendered":"https:\/\/flagship.ryari.com\/index.php\/product\/2x-ersatz-akku-fuer-harman-kardon-onyx-mini-3000mah-2\/"},"modified":"2026-04-14T22:20:36","modified_gmt":"2026-04-14T22:20:36","slug":"2x-ersatz-akku-fuer-harman-kardon-onyx-mini-3000mah-2","status":"publish","type":"product","link":"https:\/\/flagship.ryari.com\/index.php\/product\/2x-ersatz-akku-fuer-harman-kardon-onyx-mini-3000mah-2\/","title":{"rendered":"2x Ersatz Akku f\u00fcr Harman Kardon Onyx Mini 3000mAh"},"content":{"rendered":"","protected":false},"excerpt":{"rendered":"<p>Entdecken Sie 2x Ersatz Akku f\u00fcr Harman Kardon Onyx Mini 3000mAh in der gro\u00dfen Auswahl bei eBay. Kostenlose Lieferung f\u00fcr viele Artikel!<\/p>\n","protected":false},"featured_media":999980000000531620,"comment_status":"open","ping_status":"closed","template":"","meta":[],"product_cat":[347],"product_tag":[],"class_list":{"0":"post-53162","1":"product","2":"type-product","3":"status-publish","4":"has-post-thumbnail","6":"product_cat-tragbare-lautsprecher-docks","8":"first","9":"instock","10":"taxable","11":"shipping-taxable","12":"product-type-external"},"acf":[],"_links":{"self":[{"href":"https:\/\/flagship.ryari.com\/index.php\/wp-json\/wp\/v2\/product\/53162","targetHints":{"allow":["GET"]}}],"collection":[{"href":"https:\/\/flagship.ryari.com\/index.php\/wp-json\/wp\/v2\/product"}],"about":[{"href":"https:\/\/flagship.ryari.com\/index.php\/wp-json\/wp\/v2\/types\/product"}],"replies":[{"embeddable":true,"href":"https:\/\/flagship.ryari.com\/index.php\/wp-json\/wp\/v2\/comments?post=53162"}],"wp:featuredmedia":[{"embeddable":true,"href":"https:\/\/flagship.ryari.com\/index.php\/wp-json\/"}],"wp:attachment":[{"href":"https:\/\/flagship.ryari.com\/index.php\/wp-json\/wp\/v2\/media?parent=53162"}],"wp:term":[{"taxonomy":"product_cat","embeddable":true,"href":"https:\/\/flagship.ryari.com\/index.php\/wp-json\/wp\/v2\/product_cat?post=53162"},{"taxonomy":"product_tag","embeddable":true,"href":"https:\/\/flagship.ryari.com\/index.php\/wp-json\/wp\/v2\/product_tag?post=53162"}],"curies":[{"name":"wp","href":"https:\/\/api.w.org\/{rel}","templated":true}]}}