{"id":53376,"date":"2023-05-11T13:01:34","date_gmt":"2023-05-11T13:01:34","guid":{"rendered":"https:\/\/flagship.ryari.com\/index.php\/product\/2x-akku-fuer-bose-40229-nta2358-200mah-ersatzakku\/"},"modified":"2026-04-08T13:46:43","modified_gmt":"2026-04-08T13:46:43","slug":"2x-akku-fuer-bose-40229-nta2358-200mah-ersatzakku","status":"publish","type":"product","link":"https:\/\/flagship.ryari.com\/index.php\/product\/2x-akku-fuer-bose-40229-nta2358-200mah-ersatzakku\/","title":{"rendered":"2x Akku f\u00fcr Bose 40229 NTA2358 (200mAh) Ersatzakku"},"content":{"rendered":"","protected":false},"excerpt":{"rendered":"<p>Entdecken Sie 2x Akku f\u00fcr Bose 40229 NTA2358 (200mAh) Ersatzakku in der gro\u00dfen Auswahl bei eBay. Kostenlose Lieferung f\u00fcr viele Artikel!<\/p>\n","protected":false},"featured_media":999980000000533760,"comment_status":"open","ping_status":"closed","template":"","meta":[],"product_cat":[347],"product_tag":[],"class_list":{"0":"post-53376","1":"product","2":"type-product","3":"status-publish","4":"has-post-thumbnail","6":"product_cat-tragbare-lautsprecher-docks","8":"first","9":"instock","10":"taxable","11":"shipping-taxable","12":"product-type-external"},"acf":[],"_links":{"self":[{"href":"https:\/\/flagship.ryari.com\/index.php\/wp-json\/wp\/v2\/product\/53376","targetHints":{"allow":["GET"]}}],"collection":[{"href":"https:\/\/flagship.ryari.com\/index.php\/wp-json\/wp\/v2\/product"}],"about":[{"href":"https:\/\/flagship.ryari.com\/index.php\/wp-json\/wp\/v2\/types\/product"}],"replies":[{"embeddable":true,"href":"https:\/\/flagship.ryari.com\/index.php\/wp-json\/wp\/v2\/comments?post=53376"}],"wp:featuredmedia":[{"embeddable":true,"href":"https:\/\/flagship.ryari.com\/index.php\/wp-json\/"}],"wp:attachment":[{"href":"https:\/\/flagship.ryari.com\/index.php\/wp-json\/wp\/v2\/media?parent=53376"}],"wp:term":[{"taxonomy":"product_cat","embeddable":true,"href":"https:\/\/flagship.ryari.com\/index.php\/wp-json\/wp\/v2\/product_cat?post=53376"},{"taxonomy":"product_tag","embeddable":true,"href":"https:\/\/flagship.ryari.com\/index.php\/wp-json\/wp\/v2\/product_tag?post=53376"}],"curies":[{"name":"wp","href":"https:\/\/api.w.org\/{rel}","templated":true}]}}