{"id":53378,"date":"2023-05-11T13:01:41","date_gmt":"2023-05-11T13:01:41","guid":{"rendered":"https:\/\/flagship.ryari.com\/index.php\/product\/4x-2er-set-desktop-pc-lautsprecher-stereo-fuer-tablet-pc-neu\/"},"modified":"2026-05-10T11:04:48","modified_gmt":"2026-05-10T11:04:48","slug":"4x-2er-set-desktop-pc-lautsprecher-stereo-fuer-tablet-pc-neu","status":"publish","type":"product","link":"https:\/\/flagship.ryari.com\/index.php\/product\/4x-2er-set-desktop-pc-lautsprecher-stereo-fuer-tablet-pc-neu\/","title":{"rendered":"4x 2er Set Desktop PC Lautsprecher Stereo f\u00fcr Tablet PC Neu"},"content":{"rendered":"","protected":false},"excerpt":{"rendered":"<p>Entdecken Sie 4x 2er Set Desktop PC Lautsprecher Stereo f\u00fcr Tablet PC Neu in der gro\u00dfen Auswahl bei eBay. Kostenlose Lieferung f\u00fcr viele Artikel!<\/p>\n","protected":false},"featured_media":999980000000533780,"comment_status":"open","ping_status":"closed","template":"","meta":[],"product_cat":[347],"product_tag":[],"class_list":{"0":"post-53378","1":"product","2":"type-product","3":"status-publish","4":"has-post-thumbnail","6":"product_cat-tragbare-lautsprecher-docks","8":"first","9":"instock","10":"taxable","11":"shipping-taxable","12":"product-type-external"},"acf":[],"_links":{"self":[{"href":"https:\/\/flagship.ryari.com\/index.php\/wp-json\/wp\/v2\/product\/53378","targetHints":{"allow":["GET"]}}],"collection":[{"href":"https:\/\/flagship.ryari.com\/index.php\/wp-json\/wp\/v2\/product"}],"about":[{"href":"https:\/\/flagship.ryari.com\/index.php\/wp-json\/wp\/v2\/types\/product"}],"replies":[{"embeddable":true,"href":"https:\/\/flagship.ryari.com\/index.php\/wp-json\/wp\/v2\/comments?post=53378"}],"wp:featuredmedia":[{"embeddable":true,"href":"https:\/\/flagship.ryari.com\/index.php\/wp-json\/"}],"wp:attachment":[{"href":"https:\/\/flagship.ryari.com\/index.php\/wp-json\/wp\/v2\/media?parent=53378"}],"wp:term":[{"taxonomy":"product_cat","embeddable":true,"href":"https:\/\/flagship.ryari.com\/index.php\/wp-json\/wp\/v2\/product_cat?post=53378"},{"taxonomy":"product_tag","embeddable":true,"href":"https:\/\/flagship.ryari.com\/index.php\/wp-json\/wp\/v2\/product_tag?post=53378"}],"curies":[{"name":"wp","href":"https:\/\/api.w.org\/{rel}","templated":true}]}}