{"id":53393,"date":"2023-05-11T13:02:12","date_gmt":"2023-05-11T13:02:12","guid":{"rendered":"https:\/\/flagship.ryari.com\/index.php\/product\/ladegeraet-fuer-jbl-quantum-400-club-950nc-endurance-peak-ii-ladekabel-2a-12m\/"},"modified":"2026-04-14T11:15:47","modified_gmt":"2026-04-14T11:15:47","slug":"ladegeraet-fuer-jbl-quantum-400-club-950nc-endurance-peak-ii-ladekabel-2a-12m","status":"publish","type":"product","link":"https:\/\/flagship.ryari.com\/index.php\/product\/ladegeraet-fuer-jbl-quantum-400-club-950nc-endurance-peak-ii-ladekabel-2a-12m\/","title":{"rendered":"Ladeger\u00e4t f\u00fcr JBL Quantum 400 CLUB 950NC Endurance Peak II Ladekabel 2A 1,2m"},"content":{"rendered":"","protected":false},"excerpt":{"rendered":"<p>Entdecken Sie Ladeger\u00e4t f\u00fcr JBL Quantum 400 CLUB 950NC Endurance Peak II Ladekabel 2A 1,2m in der gro\u00dfen Auswahl bei eBay. Kostenlose Lieferung f\u00fcr viele Artikel!<\/p>\n","protected":false},"featured_media":999980000000533930,"comment_status":"open","ping_status":"closed","template":"","meta":[],"product_cat":[347],"product_tag":[],"class_list":{"0":"post-53393","1":"product","2":"type-product","3":"status-publish","4":"has-post-thumbnail","6":"product_cat-tragbare-lautsprecher-docks","8":"first","9":"instock","10":"taxable","11":"shipping-taxable","12":"product-type-external"},"acf":[],"_links":{"self":[{"href":"https:\/\/flagship.ryari.com\/index.php\/wp-json\/wp\/v2\/product\/53393","targetHints":{"allow":["GET"]}}],"collection":[{"href":"https:\/\/flagship.ryari.com\/index.php\/wp-json\/wp\/v2\/product"}],"about":[{"href":"https:\/\/flagship.ryari.com\/index.php\/wp-json\/wp\/v2\/types\/product"}],"replies":[{"embeddable":true,"href":"https:\/\/flagship.ryari.com\/index.php\/wp-json\/wp\/v2\/comments?post=53393"}],"wp:featuredmedia":[{"embeddable":true,"href":"https:\/\/flagship.ryari.com\/index.php\/wp-json\/"}],"wp:attachment":[{"href":"https:\/\/flagship.ryari.com\/index.php\/wp-json\/wp\/v2\/media?parent=53393"}],"wp:term":[{"taxonomy":"product_cat","embeddable":true,"href":"https:\/\/flagship.ryari.com\/index.php\/wp-json\/wp\/v2\/product_cat?post=53393"},{"taxonomy":"product_tag","embeddable":true,"href":"https:\/\/flagship.ryari.com\/index.php\/wp-json\/wp\/v2\/product_tag?post=53393"}],"curies":[{"name":"wp","href":"https:\/\/api.w.org\/{rel}","templated":true}]}}