{"id":53649,"date":"2023-05-11T13:11:53","date_gmt":"2023-05-11T13:11:53","guid":{"rendered":"https:\/\/flagship.ryari.com\/index.php\/product\/ersatz-akku-fuer-parrot-zik-2-0-zik-3-0-750mah\/"},"modified":"2026-04-17T18:25:44","modified_gmt":"2026-04-17T18:25:44","slug":"ersatz-akku-fuer-parrot-zik-2-0-zik-3-0-750mah","status":"publish","type":"product","link":"https:\/\/flagship.ryari.com\/index.php\/product\/ersatz-akku-fuer-parrot-zik-2-0-zik-3-0-750mah\/","title":{"rendered":"Ersatz Akku f\u00fcr Parrot Zik 2.0 Zik 3.0 750mAh"},"content":{"rendered":"","protected":false},"excerpt":{"rendered":"<p>Entdecken Sie Ersatz Akku f\u00fcr Parrot Zik 2.0 Zik 3.0 750mAh in der gro\u00dfen Auswahl bei eBay. Kostenlose Lieferung f\u00fcr viele Artikel!<\/p>\n","protected":false},"featured_media":999980000000536490,"comment_status":"open","ping_status":"closed","template":"","meta":[],"product_cat":[347],"product_tag":[],"class_list":{"0":"post-53649","1":"product","2":"type-product","3":"status-publish","4":"has-post-thumbnail","6":"product_cat-tragbare-lautsprecher-docks","8":"first","9":"instock","10":"taxable","11":"shipping-taxable","12":"product-type-external"},"acf":[],"_links":{"self":[{"href":"https:\/\/flagship.ryari.com\/index.php\/wp-json\/wp\/v2\/product\/53649","targetHints":{"allow":["GET"]}}],"collection":[{"href":"https:\/\/flagship.ryari.com\/index.php\/wp-json\/wp\/v2\/product"}],"about":[{"href":"https:\/\/flagship.ryari.com\/index.php\/wp-json\/wp\/v2\/types\/product"}],"replies":[{"embeddable":true,"href":"https:\/\/flagship.ryari.com\/index.php\/wp-json\/wp\/v2\/comments?post=53649"}],"wp:featuredmedia":[{"embeddable":true,"href":"https:\/\/flagship.ryari.com\/index.php\/wp-json\/"}],"wp:attachment":[{"href":"https:\/\/flagship.ryari.com\/index.php\/wp-json\/wp\/v2\/media?parent=53649"}],"wp:term":[{"taxonomy":"product_cat","embeddable":true,"href":"https:\/\/flagship.ryari.com\/index.php\/wp-json\/wp\/v2\/product_cat?post=53649"},{"taxonomy":"product_tag","embeddable":true,"href":"https:\/\/flagship.ryari.com\/index.php\/wp-json\/wp\/v2\/product_tag?post=53649"}],"curies":[{"name":"wp","href":"https:\/\/api.w.org\/{rel}","templated":true}]}}