{"id":55421,"date":"2023-05-14T13:40:23","date_gmt":"2023-05-14T13:40:23","guid":{"rendered":"https:\/\/flagship.ryari.com\/index.php\/product\/nintendo-switch-oled-modell-heg-001-pokemon-karmesin-purpur-edition-64gb-handheld-spielekonsole-3\/"},"modified":"2026-04-14T09:56:32","modified_gmt":"2026-04-14T09:56:32","slug":"nintendo-switch-oled-modell-heg-001-pokemon-karmesin-purpur-edition-64gb-handheld-spielekonsole-3","status":"publish","type":"product","link":"https:\/\/flagship.ryari.com\/index.php\/product\/nintendo-switch-oled-modell-heg-001-pokemon-karmesin-purpur-edition-64gb-handheld-spielekonsole-3\/","title":{"rendered":"Nintendo Switch OLED-Modell HEG-001 Pok\u00e9mon Karmesin &#038; Purpur Edition 64GB Handheld-Spielekonsole"},"content":{"rendered":"","protected":false},"excerpt":{"rendered":"<p>Entdecken Sie Nintendo Switch OLED-Modell HEG-001 Pok\u00e9mon Karmesin &amp; Purpur Edition 64GB Handheld-Spielekonsole in der gro\u00dfen Auswahl bei eBay. Kostenlose Lieferung f\u00fcr viele Artikel!<\/p>\n","protected":false},"featured_media":999980000000554210,"comment_status":"open","ping_status":"closed","template":"","meta":[],"product_cat":[362],"product_tag":[],"class_list":{"0":"post-55421","1":"product","2":"type-product","3":"status-publish","4":"has-post-thumbnail","6":"product_cat-nintendo","8":"first","9":"instock","10":"taxable","11":"shipping-taxable","12":"product-type-external"},"acf":[],"_links":{"self":[{"href":"https:\/\/flagship.ryari.com\/index.php\/wp-json\/wp\/v2\/product\/55421","targetHints":{"allow":["GET"]}}],"collection":[{"href":"https:\/\/flagship.ryari.com\/index.php\/wp-json\/wp\/v2\/product"}],"about":[{"href":"https:\/\/flagship.ryari.com\/index.php\/wp-json\/wp\/v2\/types\/product"}],"replies":[{"embeddable":true,"href":"https:\/\/flagship.ryari.com\/index.php\/wp-json\/wp\/v2\/comments?post=55421"}],"wp:featuredmedia":[{"embeddable":true,"href":"https:\/\/flagship.ryari.com\/index.php\/wp-json\/"}],"wp:attachment":[{"href":"https:\/\/flagship.ryari.com\/index.php\/wp-json\/wp\/v2\/media?parent=55421"}],"wp:term":[{"taxonomy":"product_cat","embeddable":true,"href":"https:\/\/flagship.ryari.com\/index.php\/wp-json\/wp\/v2\/product_cat?post=55421"},{"taxonomy":"product_tag","embeddable":true,"href":"https:\/\/flagship.ryari.com\/index.php\/wp-json\/wp\/v2\/product_tag?post=55421"}],"curies":[{"name":"wp","href":"https:\/\/api.w.org\/{rel}","templated":true}]}}