{"id":55775,"date":"2023-05-14T13:56:17","date_gmt":"2023-05-14T13:56:17","guid":{"rendered":"https:\/\/flagship.ryari.com\/index.php\/product\/nintendo-new-3ds-xl-majoras-mask-edition-spielkonsole-gold-2206132\/"},"modified":"2026-05-13T13:20:06","modified_gmt":"2026-05-13T13:20:06","slug":"nintendo-new-3ds-xl-majoras-mask-edition-spielkonsole-gold-2206132","status":"publish","type":"product","link":"https:\/\/flagship.ryari.com\/index.php\/product\/nintendo-new-3ds-xl-majoras-mask-edition-spielkonsole-gold-2206132\/","title":{"rendered":"Nintendo New 3DS XL Majora\u2019s Mask Edition Spielkonsole &#8211; Gold 2206132"},"content":{"rendered":"<p>F\u00fcr Liebhaber des Spiels Legend of Zelda gibt es nun den neuen Nintendo 3DS XL in einer speziellen Edition. In der Optik des Zelda-Spiels Majora\u2019s Mask in Gold ist das Cover des 3DS XL in Vorder- und R\u00fcckseite schon begehrenswert. Auch das Innenleben der Spielekonsole besteht aus den gleichen Farbt\u00f6nen. Das Spiel Majora\u2019s Mask wurde bereits vorinstalliert und kann sofort nach dem Einschalten gespielt werden. Die Spiele k\u00f6nnen in 3D oder auch 2D gespielt werden. \u00dcber einen Regler an der Seite kann man schnell und einfach zwischen den Varianten w\u00e4hlen.<\/p>\n","protected":false},"excerpt":{"rendered":"<p>F\u00fcr Liebhaber des Spiels Legend of Zelda gibt es nun den neuen Nintendo 3DS XL in einer speziellen Edition. In der Optik des Zelda-Spiels Majora\u2019s Mask in Gold ist das<\/p>\n","protected":false},"featured_media":999980000000557750,"comment_status":"open","ping_status":"closed","template":"","meta":[],"product_cat":[362],"product_tag":[],"class_list":{"0":"post-55775","1":"product","2":"type-product","3":"status-publish","4":"has-post-thumbnail","6":"product_cat-nintendo","8":"first","9":"instock","10":"taxable","11":"shipping-taxable","12":"product-type-external"},"acf":[],"_links":{"self":[{"href":"https:\/\/flagship.ryari.com\/index.php\/wp-json\/wp\/v2\/product\/55775","targetHints":{"allow":["GET"]}}],"collection":[{"href":"https:\/\/flagship.ryari.com\/index.php\/wp-json\/wp\/v2\/product"}],"about":[{"href":"https:\/\/flagship.ryari.com\/index.php\/wp-json\/wp\/v2\/types\/product"}],"replies":[{"embeddable":true,"href":"https:\/\/flagship.ryari.com\/index.php\/wp-json\/wp\/v2\/comments?post=55775"}],"wp:featuredmedia":[{"embeddable":true,"href":"https:\/\/flagship.ryari.com\/index.php\/wp-json\/"}],"wp:attachment":[{"href":"https:\/\/flagship.ryari.com\/index.php\/wp-json\/wp\/v2\/media?parent=55775"}],"wp:term":[{"taxonomy":"product_cat","embeddable":true,"href":"https:\/\/flagship.ryari.com\/index.php\/wp-json\/wp\/v2\/product_cat?post=55775"},{"taxonomy":"product_tag","embeddable":true,"href":"https:\/\/flagship.ryari.com\/index.php\/wp-json\/wp\/v2\/product_tag?post=55775"}],"curies":[{"name":"wp","href":"https:\/\/api.w.org\/{rel}","templated":true}]}}