{"id":56518,"date":"2023-05-14T17:02:46","date_gmt":"2023-05-14T17:02:46","guid":{"rendered":"https:\/\/flagship.ryari.com\/index.php\/product\/nintendo-2ds-super-mario-bros-2-special-edition-spielkonsole-weiss-rot\/"},"modified":"2026-05-15T23:50:28","modified_gmt":"2026-05-15T23:50:28","slug":"nintendo-2ds-super-mario-bros-2-special-edition-spielkonsole-weiss-rot","status":"publish","type":"product","link":"https:\/\/flagship.ryari.com\/index.php\/product\/nintendo-2ds-super-mario-bros-2-special-edition-spielkonsole-weiss-rot\/","title":{"rendered":"Nintendo 2DS Super Mario Bros. 2 Special Edition Spielkonsole &#8211; Wei\u00df &#038; Rot"},"content":{"rendered":"<p>Der Nintendo 2DS verf\u00fcgt \u00fcber die meisten Funktionen des Nintendo 3DS. Dazu geh\u00f6ren unter anderem die verschiedenen Steuerungsm\u00f6glichkeiten sowie die Abw\u00e4rtskompatibilit\u00e4t zu \u00e4lteren DS-Spielen. Auch 3D-Spiele lassen sich auf dem 2DS ohne Einschr\u00e4nkungen spielen. In dem Paket ist zus\u00e4tzlich noch das Spiel New Super Mario Bros. 2 enthalten. Das Spiel wurde bereits vorinstalliert, sodass nach dem Einschalten direkt losgespielt werden kann. In diesem Bundle ist der Nintendo 2DS in der Farbe Wei\u00df-Rot enthalten.<\/p>\n","protected":false},"excerpt":{"rendered":"<p>Der Nintendo 2DS verf\u00fcgt \u00fcber die meisten Funktionen des Nintendo 3DS. Dazu geh\u00f6ren unter anderem die verschiedenen Steuerungsm\u00f6glichkeiten sowie die Abw\u00e4rtskompatibilit\u00e4t zu \u00e4lteren DS-Spielen. Auch 3D-Spiele lassen sich auf dem<\/p>\n","protected":false},"featured_media":999980000000565180,"comment_status":"open","ping_status":"closed","template":"","meta":[],"product_cat":[362],"product_tag":[],"class_list":{"0":"post-56518","1":"product","2":"type-product","3":"status-publish","4":"has-post-thumbnail","6":"product_cat-nintendo","8":"first","9":"instock","10":"taxable","11":"shipping-taxable","12":"product-type-external"},"acf":[],"_links":{"self":[{"href":"https:\/\/flagship.ryari.com\/index.php\/wp-json\/wp\/v2\/product\/56518","targetHints":{"allow":["GET"]}}],"collection":[{"href":"https:\/\/flagship.ryari.com\/index.php\/wp-json\/wp\/v2\/product"}],"about":[{"href":"https:\/\/flagship.ryari.com\/index.php\/wp-json\/wp\/v2\/types\/product"}],"replies":[{"embeddable":true,"href":"https:\/\/flagship.ryari.com\/index.php\/wp-json\/wp\/v2\/comments?post=56518"}],"wp:featuredmedia":[{"embeddable":true,"href":"https:\/\/flagship.ryari.com\/index.php\/wp-json\/"}],"wp:attachment":[{"href":"https:\/\/flagship.ryari.com\/index.php\/wp-json\/wp\/v2\/media?parent=56518"}],"wp:term":[{"taxonomy":"product_cat","embeddable":true,"href":"https:\/\/flagship.ryari.com\/index.php\/wp-json\/wp\/v2\/product_cat?post=56518"},{"taxonomy":"product_tag","embeddable":true,"href":"https:\/\/flagship.ryari.com\/index.php\/wp-json\/wp\/v2\/product_tag?post=56518"}],"curies":[{"name":"wp","href":"https:\/\/api.w.org\/{rel}","templated":true}]}}