{"id":57120,"date":"2023-05-15T12:11:00","date_gmt":"2023-05-15T12:11:00","guid":{"rendered":"https:\/\/flagship.ryari.com\/index.php\/product\/augen-einsatz-gesichts-maske-abdeckung-face-cover-fuer-sony-ps-vr-brille-headset\/"},"modified":"2026-05-14T09:43:42","modified_gmt":"2026-05-14T09:43:42","slug":"augen-einsatz-gesichts-maske-abdeckung-face-cover-fuer-sony-ps-vr-brille-headset","status":"publish","type":"product","link":"https:\/\/flagship.ryari.com\/index.php\/product\/augen-einsatz-gesichts-maske-abdeckung-face-cover-fuer-sony-ps-vr-brille-headset\/","title":{"rendered":"Augen-Einsatz Gesichts-Maske Abdeckung Face Cover f\u00fcr Sony PS VR Brille Headset"},"content":{"rendered":"","protected":false},"excerpt":{"rendered":"<p>Entdecken Sie Augen-Einsatz Gesichts-Maske Abdeckung Face Cover f\u00fcr Sony PS VR Brille Headset in der gro\u00dfen Auswahl bei eBay. Kostenlose Lieferung f\u00fcr viele Artikel!<\/p>\n","protected":false},"featured_media":999980000000571200,"comment_status":"open","ping_status":"closed","template":"","meta":[],"product_cat":[358],"product_tag":[],"class_list":{"0":"post-57120","1":"product","2":"type-product","3":"status-publish","4":"has-post-thumbnail","6":"product_cat-vr-brillen","8":"first","9":"instock","10":"taxable","11":"shipping-taxable","12":"product-type-external"},"acf":[],"_links":{"self":[{"href":"https:\/\/flagship.ryari.com\/index.php\/wp-json\/wp\/v2\/product\/57120","targetHints":{"allow":["GET"]}}],"collection":[{"href":"https:\/\/flagship.ryari.com\/index.php\/wp-json\/wp\/v2\/product"}],"about":[{"href":"https:\/\/flagship.ryari.com\/index.php\/wp-json\/wp\/v2\/types\/product"}],"replies":[{"embeddable":true,"href":"https:\/\/flagship.ryari.com\/index.php\/wp-json\/wp\/v2\/comments?post=57120"}],"wp:featuredmedia":[{"embeddable":true,"href":"https:\/\/flagship.ryari.com\/index.php\/wp-json\/"}],"wp:attachment":[{"href":"https:\/\/flagship.ryari.com\/index.php\/wp-json\/wp\/v2\/media?parent=57120"}],"wp:term":[{"taxonomy":"product_cat","embeddable":true,"href":"https:\/\/flagship.ryari.com\/index.php\/wp-json\/wp\/v2\/product_cat?post=57120"},{"taxonomy":"product_tag","embeddable":true,"href":"https:\/\/flagship.ryari.com\/index.php\/wp-json\/wp\/v2\/product_tag?post=57120"}],"curies":[{"name":"wp","href":"https:\/\/api.w.org\/{rel}","templated":true}]}}