{"id":58338,"date":"2023-05-18T14:00:39","date_gmt":"2023-05-18T14:00:39","guid":{"rendered":"https:\/\/flagship.ryari.com\/index.php\/product\/nintendo-3ds-xl-ll-display-scheibe-front-glas-displayglas-fuer-oben-schwarz\/"},"modified":"2026-04-19T19:29:48","modified_gmt":"2026-04-19T19:29:48","slug":"nintendo-3ds-xl-ll-display-scheibe-front-glas-displayglas-fuer-oben-schwarz","status":"publish","type":"product","link":"https:\/\/flagship.ryari.com\/index.php\/product\/nintendo-3ds-xl-ll-display-scheibe-front-glas-displayglas-fuer-oben-schwarz\/","title":{"rendered":"Nintendo 3DS XL LL Display Scheibe Front Glas Displayglas f\u00fcr Oben Schwarz"},"content":{"rendered":"","protected":false},"excerpt":{"rendered":"<p>Entdecken Sie Nintendo 3DS XL LL Display Scheibe Front Glas Displayglas f\u00fcr Oben Schwarz in der gro\u00dfen Auswahl bei eBay. Kostenlose Lieferung f\u00fcr viele Artikel!<\/p>\n","protected":false},"featured_media":999980000000583380,"comment_status":"open","ping_status":"closed","template":"","meta":[],"product_cat":[357],"product_tag":[],"class_list":{"0":"post-58338","1":"product","2":"type-product","3":"status-publish","4":"has-post-thumbnail","6":"product_cat-gaming-zubehoer","8":"first","9":"instock","10":"taxable","11":"shipping-taxable","12":"product-type-external"},"acf":[],"_links":{"self":[{"href":"https:\/\/flagship.ryari.com\/index.php\/wp-json\/wp\/v2\/product\/58338","targetHints":{"allow":["GET"]}}],"collection":[{"href":"https:\/\/flagship.ryari.com\/index.php\/wp-json\/wp\/v2\/product"}],"about":[{"href":"https:\/\/flagship.ryari.com\/index.php\/wp-json\/wp\/v2\/types\/product"}],"replies":[{"embeddable":true,"href":"https:\/\/flagship.ryari.com\/index.php\/wp-json\/wp\/v2\/comments?post=58338"}],"wp:featuredmedia":[{"embeddable":true,"href":"https:\/\/flagship.ryari.com\/index.php\/wp-json\/"}],"wp:attachment":[{"href":"https:\/\/flagship.ryari.com\/index.php\/wp-json\/wp\/v2\/media?parent=58338"}],"wp:term":[{"taxonomy":"product_cat","embeddable":true,"href":"https:\/\/flagship.ryari.com\/index.php\/wp-json\/wp\/v2\/product_cat?post=58338"},{"taxonomy":"product_tag","embeddable":true,"href":"https:\/\/flagship.ryari.com\/index.php\/wp-json\/wp\/v2\/product_tag?post=58338"}],"curies":[{"name":"wp","href":"https:\/\/api.w.org\/{rel}","templated":true}]}}