{"id":59541,"date":"2023-05-18T17:15:20","date_gmt":"2023-05-18T17:15:20","guid":{"rendered":"https:\/\/flagship.ryari.com\/index.php\/product\/final-fantasy-crystal-chronicles-crystal-bearers-nintendo-wii-2011\/"},"modified":"2026-04-23T22:53:34","modified_gmt":"2026-04-23T22:53:34","slug":"final-fantasy-crystal-chronicles-crystal-bearers-nintendo-wii-2011","status":"publish","type":"product","link":"https:\/\/flagship.ryari.com\/index.php\/product\/final-fantasy-crystal-chronicles-crystal-bearers-nintendo-wii-2011\/","title":{"rendered":"Final Fantasy: Crystal Chronicles &#8211; Crystal Bearers (Nintendo Wii, 2011)"},"content":{"rendered":"<p>Tausend Jahre sind seit dem Gro\u00dfen Krieg vergangen. F\u00fcr die siegreichen Liltys brach eine Zeit des Friedens und Wohlstands an. Doch auch in dieser \u00c4ra von Wissenschaft und Vernunft gibt es noch einige besondere Wesen: Kristalltr\u00e4ger, welche ihrer magischen F\u00e4higkeiten wegen von den meisten Leuten gef\u00fcrchtet und gemieden werden. FFCC: The Crystal Bearers ist die hei\u00df erwartete Fortsetzung zum millionenfach verkauften Original Final Fantasy Crystal Chronicles auf GameCube und ein fantastisches Action-Adventure mit einer packenden Geschichte, atemberaubenden Grafiken sowie nicht zuletzt einer spektakul\u00e4ren Spielwelt, welche die technischen M\u00f6glichkeiten der Wii-Konsole voll aussch\u00f6pft. Die eing\u00e4ngige Steuerung und die mitrei\u00dfenden K\u00e4mpfe machen The Crystal Bearers sowohl f\u00fcr Neulinge als auch f\u00fcr treue Anh\u00e4nger der Reihe zu einer unvergleichlichen Spielerfahrung.<\/p>\n","protected":false},"excerpt":{"rendered":"<p>Tausend Jahre sind seit dem Gro\u00dfen Krieg vergangen. F\u00fcr die siegreichen Liltys brach eine Zeit des Friedens und Wohlstands an. Doch auch in dieser \u00c4ra von Wissenschaft und Vernunft gibt<\/p>\n","protected":false},"featured_media":999980000000595410,"comment_status":"open","ping_status":"closed","template":"","meta":[],"product_cat":[366],"product_tag":[],"class_list":{"0":"post-59541","1":"product","2":"type-product","3":"status-publish","4":"has-post-thumbnail","6":"product_cat-spiele-nintendo","8":"first","9":"instock","10":"taxable","11":"shipping-taxable","12":"product-type-external"},"acf":[],"_links":{"self":[{"href":"https:\/\/flagship.ryari.com\/index.php\/wp-json\/wp\/v2\/product\/59541","targetHints":{"allow":["GET"]}}],"collection":[{"href":"https:\/\/flagship.ryari.com\/index.php\/wp-json\/wp\/v2\/product"}],"about":[{"href":"https:\/\/flagship.ryari.com\/index.php\/wp-json\/wp\/v2\/types\/product"}],"replies":[{"embeddable":true,"href":"https:\/\/flagship.ryari.com\/index.php\/wp-json\/wp\/v2\/comments?post=59541"}],"wp:featuredmedia":[{"embeddable":true,"href":"https:\/\/flagship.ryari.com\/index.php\/wp-json\/"}],"wp:attachment":[{"href":"https:\/\/flagship.ryari.com\/index.php\/wp-json\/wp\/v2\/media?parent=59541"}],"wp:term":[{"taxonomy":"product_cat","embeddable":true,"href":"https:\/\/flagship.ryari.com\/index.php\/wp-json\/wp\/v2\/product_cat?post=59541"},{"taxonomy":"product_tag","embeddable":true,"href":"https:\/\/flagship.ryari.com\/index.php\/wp-json\/wp\/v2\/product_tag?post=59541"}],"curies":[{"name":"wp","href":"https:\/\/api.w.org\/{rel}","templated":true}]}}