{"id":61083,"date":"2023-05-23T11:05:49","date_gmt":"2023-05-23T11:05:49","guid":{"rendered":"https:\/\/flagship.ryari.com\/index.php\/product\/apple-iphone-8-64gb-gold-ohne-simlock-2\/"},"modified":"2026-05-13T11:26:25","modified_gmt":"2026-05-13T11:26:25","slug":"apple-iphone-8-64gb-gold-ohne-simlock-2","status":"publish","type":"product","link":"https:\/\/flagship.ryari.com\/index.php\/product\/apple-iphone-8-64gb-gold-ohne-simlock-2\/","title":{"rendered":"Apple iPhone 8 &#8211; 64GB &#8211; Gold (Ohne Simlock)"},"content":{"rendered":"<p>Die goldene Farbe des Apple iPhone 8 sorgt f\u00fcr einen besonders edlen Look Ihres Smartphones. Da es keinen Simlock besitzt, ist es in den Mobilfunknetzen verschiedener Anbieter einsetzbar. F\u00fcr Ihre Daten steht eine Speicherkapazit\u00e4t von 64 GB zur Verf\u00fcgung. Die integrierte Digitalkamera besitzt eine Aufl\u00f6sung von 12 Megapixeln und erlaubt die Aufnahme hochaufl\u00f6sender Filme, die Sie auf dem 4,7 Zoll gro\u00dfen Retina Bildschirm anschauen k\u00f6nnen. Dieses Ger\u00e4t ist kompatibel mit Vodafone, E-Plus, T-Mobile, O2 Mobilfunkanbietern.<\/p>\n","protected":false},"excerpt":{"rendered":"<p>Die goldene Farbe des Apple iPhone 8 sorgt f\u00fcr einen besonders edlen Look Ihres Smartphones. Da es keinen Simlock besitzt, ist es in den Mobilfunknetzen verschiedener Anbieter einsetzbar. F\u00fcr Ihre<\/p>\n","protected":false},"featured_media":999980000000610830,"comment_status":"open","ping_status":"closed","template":"","meta":[],"product_cat":[387],"product_tag":[],"class_list":{"0":"post-61083","1":"product","2":"type-product","3":"status-publish","4":"has-post-thumbnail","6":"product_cat-iphone-andere","8":"first","9":"instock","10":"taxable","11":"shipping-taxable","12":"product-type-external"},"acf":[],"_links":{"self":[{"href":"https:\/\/flagship.ryari.com\/index.php\/wp-json\/wp\/v2\/product\/61083","targetHints":{"allow":["GET"]}}],"collection":[{"href":"https:\/\/flagship.ryari.com\/index.php\/wp-json\/wp\/v2\/product"}],"about":[{"href":"https:\/\/flagship.ryari.com\/index.php\/wp-json\/wp\/v2\/types\/product"}],"replies":[{"embeddable":true,"href":"https:\/\/flagship.ryari.com\/index.php\/wp-json\/wp\/v2\/comments?post=61083"}],"wp:featuredmedia":[{"embeddable":true,"href":"https:\/\/flagship.ryari.com\/index.php\/wp-json\/"}],"wp:attachment":[{"href":"https:\/\/flagship.ryari.com\/index.php\/wp-json\/wp\/v2\/media?parent=61083"}],"wp:term":[{"taxonomy":"product_cat","embeddable":true,"href":"https:\/\/flagship.ryari.com\/index.php\/wp-json\/wp\/v2\/product_cat?post=61083"},{"taxonomy":"product_tag","embeddable":true,"href":"https:\/\/flagship.ryari.com\/index.php\/wp-json\/wp\/v2\/product_tag?post=61083"}],"curies":[{"name":"wp","href":"https:\/\/api.w.org\/{rel}","templated":true}]}}