{"id":62041,"date":"2023-05-23T18:11:53","date_gmt":"2023-05-23T18:11:53","guid":{"rendered":"https:\/\/flagship.ryari.com\/index.php\/product\/samsung-galaxy-s8-sm-g955f-64gb-midnight-black-ohne-simlock\/"},"modified":"2026-05-02T08:31:48","modified_gmt":"2026-05-02T08:31:48","slug":"samsung-galaxy-s8-sm-g955f-64gb-midnight-black-ohne-simlock","status":"publish","type":"product","link":"https:\/\/flagship.ryari.com\/index.php\/product\/samsung-galaxy-s8-sm-g955f-64gb-midnight-black-ohne-simlock\/","title":{"rendered":"Samsung Galaxy S8+ SM-G955F &#8211; 64GB &#8211; Midnight Black (Ohne Simlock)"},"content":{"rendered":"<p>Das Samsung Galaxy S8 in Midnight Black bietet mit 64 GB Speicher gen\u00fcgend Platz f\u00fcr Fotos, Dokumente, Videos und Downloads. Das Smartphone ohne Simlock verf\u00fcgt \u00fcber eine integrierte Kamera mit einer Aufl\u00f6sung von 12 Megapixel und hat eine Memory RAM mit einer Gr\u00f6\u00dfe von 4096 MB zu bieten. Die Bildschirmgr\u00f6\u00dfe von 6,2 Zoll bietet die M\u00f6glichkeit, Bilder und Videos in hohe Bildqualit\u00e4t zu erleben.<\/p>\n","protected":false},"excerpt":{"rendered":"<p>Das Samsung Galaxy S8 in Midnight Black bietet mit 64 GB Speicher gen\u00fcgend Platz f\u00fcr Fotos, Dokumente, Videos und Downloads. Das Smartphone ohne Simlock verf\u00fcgt \u00fcber eine integrierte Kamera mit<\/p>\n","protected":false},"featured_media":999980000000620410,"comment_status":"open","ping_status":"closed","template":"","meta":[],"product_cat":[369],"product_tag":[],"class_list":{"0":"post-62041","1":"product","2":"type-product","3":"status-publish","4":"has-post-thumbnail","6":"product_cat-samsung-smartphones","8":"first","9":"instock","10":"taxable","11":"shipping-taxable","12":"product-type-external"},"acf":[],"_links":{"self":[{"href":"https:\/\/flagship.ryari.com\/index.php\/wp-json\/wp\/v2\/product\/62041","targetHints":{"allow":["GET"]}}],"collection":[{"href":"https:\/\/flagship.ryari.com\/index.php\/wp-json\/wp\/v2\/product"}],"about":[{"href":"https:\/\/flagship.ryari.com\/index.php\/wp-json\/wp\/v2\/types\/product"}],"replies":[{"embeddable":true,"href":"https:\/\/flagship.ryari.com\/index.php\/wp-json\/wp\/v2\/comments?post=62041"}],"wp:featuredmedia":[{"embeddable":true,"href":"https:\/\/flagship.ryari.com\/index.php\/wp-json\/"}],"wp:attachment":[{"href":"https:\/\/flagship.ryari.com\/index.php\/wp-json\/wp\/v2\/media?parent=62041"}],"wp:term":[{"taxonomy":"product_cat","embeddable":true,"href":"https:\/\/flagship.ryari.com\/index.php\/wp-json\/wp\/v2\/product_cat?post=62041"},{"taxonomy":"product_tag","embeddable":true,"href":"https:\/\/flagship.ryari.com\/index.php\/wp-json\/wp\/v2\/product_tag?post=62041"}],"curies":[{"name":"wp","href":"https:\/\/api.w.org\/{rel}","templated":true}]}}