{"id":62197,"date":"2023-05-23T18:34:54","date_gmt":"2023-05-23T18:34:54","guid":{"rendered":"https:\/\/flagship.ryari.com\/index.php\/product\/samsung-galaxy-a5-sm-a510fzkadbt-16gb-smartphone-schwarz-2\/"},"modified":"2026-04-12T22:33:58","modified_gmt":"2026-04-12T22:33:58","slug":"samsung-galaxy-a5-sm-a510fzkadbt-16gb-smartphone-schwarz-2","status":"publish","type":"product","link":"https:\/\/flagship.ryari.com\/index.php\/product\/samsung-galaxy-a5-sm-a510fzkadbt-16gb-smartphone-schwarz-2\/","title":{"rendered":"Samsung Galaxy A5 SM-A510FZKADBT 16GB Smartphone &#8211; Schwarz"},"content":{"rendered":"<p>Das Samsung Galaxy A5 folgt einer Inspiration und bringt edlen Stil in den mobilen Alltag. Der schmale Displayrahmen und das schlanke Geh\u00e4use runden die Premium-\u00c4sthetik des Samsung Galaxy A5 ab. F\u00fcr viel Spa\u00df, bei der Nutzung, sorgen neben dem starken 1,6 GHz Octa-Core-Prozessor die F\u00e4higkeit, zu schnellen Down- und Uploads \u00fcber LTE. Zum Speichern von Musik und anderen Daten stehen 16 GB interner Speicher zur Verf\u00fcgung. Die bequem zu bedienende Nutzeroberfl\u00e4che und die gro\u00dfe Auswahl an kompatiblen Android-Apps, geh\u00f6ren auch zum Leistungsumfang des Smartphones.<\/p>\n","protected":false},"excerpt":{"rendered":"<p>Das Samsung Galaxy A5 folgt einer Inspiration und bringt edlen Stil in den mobilen Alltag. Der schmale Displayrahmen und das schlanke Geh\u00e4use runden die Premium-\u00c4sthetik des Samsung Galaxy A5 ab.<\/p>\n","protected":false},"featured_media":999980000000621970,"comment_status":"open","ping_status":"closed","template":"","meta":[],"product_cat":[369],"product_tag":[],"class_list":{"0":"post-62197","1":"product","2":"type-product","3":"status-publish","4":"has-post-thumbnail","6":"product_cat-samsung-smartphones","8":"first","9":"instock","10":"taxable","11":"shipping-taxable","12":"product-type-external"},"acf":[],"_links":{"self":[{"href":"https:\/\/flagship.ryari.com\/index.php\/wp-json\/wp\/v2\/product\/62197","targetHints":{"allow":["GET"]}}],"collection":[{"href":"https:\/\/flagship.ryari.com\/index.php\/wp-json\/wp\/v2\/product"}],"about":[{"href":"https:\/\/flagship.ryari.com\/index.php\/wp-json\/wp\/v2\/types\/product"}],"replies":[{"embeddable":true,"href":"https:\/\/flagship.ryari.com\/index.php\/wp-json\/wp\/v2\/comments?post=62197"}],"wp:featuredmedia":[{"embeddable":true,"href":"https:\/\/flagship.ryari.com\/index.php\/wp-json\/"}],"wp:attachment":[{"href":"https:\/\/flagship.ryari.com\/index.php\/wp-json\/wp\/v2\/media?parent=62197"}],"wp:term":[{"taxonomy":"product_cat","embeddable":true,"href":"https:\/\/flagship.ryari.com\/index.php\/wp-json\/wp\/v2\/product_cat?post=62197"},{"taxonomy":"product_tag","embeddable":true,"href":"https:\/\/flagship.ryari.com\/index.php\/wp-json\/wp\/v2\/product_tag?post=62197"}],"curies":[{"name":"wp","href":"https:\/\/api.w.org\/{rel}","templated":true}]}}