{"id":62651,"date":"2023-05-24T11:22:20","date_gmt":"2023-05-24T11:22:20","guid":{"rendered":"https:\/\/flagship.ryari.com\/index.php\/product\/sony-xperia-5-iii-128gb-gruen-ohne-simlock-dual-sim-2\/"},"modified":"2026-04-23T16:16:29","modified_gmt":"2026-04-23T16:16:29","slug":"sony-xperia-5-iii-128gb-gruen-ohne-simlock-dual-sim-2","status":"publish","type":"product","link":"https:\/\/flagship.ryari.com\/index.php\/product\/sony-xperia-5-iii-128gb-gruen-ohne-simlock-dual-sim-2\/","title":{"rendered":"Sony Xperia 5 III &#8211; 128GB &#8211; Gr\u00fcn (Ohne Simlock) (Dual SIM)"},"content":{"rendered":"","protected":false},"excerpt":{"rendered":"<p>Entdecken Sie Sony Xperia 5 III &#8211; 128GB &#8211; Gr\u00fcn (Ohne Simlock) (Dual SIM) in der gro\u00dfen Auswahl bei eBay. Kostenlose Lieferung f\u00fcr viele Artikel!<\/p>\n","protected":false},"featured_media":999980000000626510,"comment_status":"open","ping_status":"closed","template":"","meta":[],"product_cat":[373],"product_tag":[],"class_list":{"0":"post-62651","1":"product","2":"type-product","3":"status-publish","4":"has-post-thumbnail","6":"product_cat-sony-smartphones","8":"first","9":"instock","10":"taxable","11":"shipping-taxable","12":"product-type-external"},"acf":[],"_links":{"self":[{"href":"https:\/\/flagship.ryari.com\/index.php\/wp-json\/wp\/v2\/product\/62651","targetHints":{"allow":["GET"]}}],"collection":[{"href":"https:\/\/flagship.ryari.com\/index.php\/wp-json\/wp\/v2\/product"}],"about":[{"href":"https:\/\/flagship.ryari.com\/index.php\/wp-json\/wp\/v2\/types\/product"}],"replies":[{"embeddable":true,"href":"https:\/\/flagship.ryari.com\/index.php\/wp-json\/wp\/v2\/comments?post=62651"}],"wp:featuredmedia":[{"embeddable":true,"href":"https:\/\/flagship.ryari.com\/index.php\/wp-json\/"}],"wp:attachment":[{"href":"https:\/\/flagship.ryari.com\/index.php\/wp-json\/wp\/v2\/media?parent=62651"}],"wp:term":[{"taxonomy":"product_cat","embeddable":true,"href":"https:\/\/flagship.ryari.com\/index.php\/wp-json\/wp\/v2\/product_cat?post=62651"},{"taxonomy":"product_tag","embeddable":true,"href":"https:\/\/flagship.ryari.com\/index.php\/wp-json\/wp\/v2\/product_tag?post=62651"}],"curies":[{"name":"wp","href":"https:\/\/api.w.org\/{rel}","templated":true}]}}