{"id":63634,"date":"2023-05-24T19:20:09","date_gmt":"2023-05-24T19:20:09","guid":{"rendered":"https:\/\/flagship.ryari.com\/index.php\/product\/nokia-2720-fold-schwarz-ohne-simlock\/"},"modified":"2026-04-14T16:50:28","modified_gmt":"2026-04-14T16:50:28","slug":"nokia-2720-fold-schwarz-ohne-simlock","status":"publish","type":"product","link":"https:\/\/flagship.ryari.com\/index.php\/product\/nokia-2720-fold-schwarz-ohne-simlock\/","title":{"rendered":"Nokia 2720 fold &#8211; Schwarz (Ohne Simlock)"},"content":{"rendered":"<p>Mit dem eleganten, praktischen Nokia 2720 fold bleiben Sie auch unterwegs immer in Verbindung. Dr\u00fccken Sie einfach die Taste zur Regelung der Lautst\u00e4rke &#8211; und schon erscheint das verborgene Au\u00dfendisplay und zeigt Ihnen, wer anruft. Dar\u00fcber hinaus k\u00f6nnen Sie bequem E-Mails versenden, Fotos aufnehmen und Ihre Lieblingssender \u00fcber das integrierte UKW-Radio h\u00f6ren. Dank leistungsf\u00e4higem Kalender und praktischer Notizenfunktion bleiben Sie stets bestens organisiert.<\/p>\n","protected":false},"excerpt":{"rendered":"<p>Mit dem eleganten, praktischen Nokia 2720 fold bleiben Sie auch unterwegs immer in Verbindung. Dr\u00fccken Sie einfach die Taste zur Regelung der Lautst\u00e4rke &#8211; und schon erscheint das verborgene Au\u00dfendisplay<\/p>\n","protected":false},"featured_media":999980000000636340,"comment_status":"open","ping_status":"closed","template":"","meta":[],"product_cat":[377],"product_tag":[],"class_list":{"0":"post-63634","1":"product","2":"type-product","3":"status-publish","4":"has-post-thumbnail","6":"product_cat-nokia-smartphones","8":"first","9":"instock","10":"taxable","11":"shipping-taxable","12":"product-type-external"},"acf":[],"_links":{"self":[{"href":"https:\/\/flagship.ryari.com\/index.php\/wp-json\/wp\/v2\/product\/63634","targetHints":{"allow":["GET"]}}],"collection":[{"href":"https:\/\/flagship.ryari.com\/index.php\/wp-json\/wp\/v2\/product"}],"about":[{"href":"https:\/\/flagship.ryari.com\/index.php\/wp-json\/wp\/v2\/types\/product"}],"replies":[{"embeddable":true,"href":"https:\/\/flagship.ryari.com\/index.php\/wp-json\/wp\/v2\/comments?post=63634"}],"wp:featuredmedia":[{"embeddable":true,"href":"https:\/\/flagship.ryari.com\/index.php\/wp-json\/"}],"wp:attachment":[{"href":"https:\/\/flagship.ryari.com\/index.php\/wp-json\/wp\/v2\/media?parent=63634"}],"wp:term":[{"taxonomy":"product_cat","embeddable":true,"href":"https:\/\/flagship.ryari.com\/index.php\/wp-json\/wp\/v2\/product_cat?post=63634"},{"taxonomy":"product_tag","embeddable":true,"href":"https:\/\/flagship.ryari.com\/index.php\/wp-json\/wp\/v2\/product_tag?post=63634"}],"curies":[{"name":"wp","href":"https:\/\/api.w.org\/{rel}","templated":true}]}}