{"id":63646,"date":"2023-05-24T19:21:25","date_gmt":"2023-05-24T19:21:25","guid":{"rendered":"https:\/\/flagship.ryari.com\/index.php\/product\/nokia-classic-6303i-matt-black-ohne-simlock-handy\/"},"modified":"2026-04-14T22:32:31","modified_gmt":"2026-04-14T22:32:31","slug":"nokia-classic-6303i-matt-black-ohne-simlock-handy","status":"publish","type":"product","link":"https:\/\/flagship.ryari.com\/index.php\/product\/nokia-classic-6303i-matt-black-ohne-simlock-handy\/","title":{"rendered":"Nokia Classic 6303i &#8211; Matt Black (Ohne Simlock) Handy"},"content":{"rendered":"<p>Das Classic 6303i ist ein Simlock-freies Handy aus dem Hause Nokia. \u00dcber eine GPRS-Internetverbindung, Mitteilungsdienste und die Anwendung E-Mail auf Ovi kann man schnell und einfach auf die Informationen und Dienste zugreifen, die f\u00fcr einen wichtig sind. Mit der integrierten 3,2 Megapixel-Kamera kann man besondere Augenblicke festhalten. Dank des Kalenders, der Notizfunktion und dem Expense Manager hat man jederzeit seine Termine im \u00dcberblick, au\u00dferdem kann man die Daten mit dem Computer synchronisieren. Das UKW-Stereo-Radio l\u00e4sst sich mit einem Tastendruck aktivieren.<\/p>\n","protected":false},"excerpt":{"rendered":"<p>Das Classic 6303i ist ein Simlock-freies Handy aus dem Hause Nokia. \u00dcber eine GPRS-Internetverbindung, Mitteilungsdienste und die Anwendung E-Mail auf Ovi kann man schnell und einfach auf die Informationen und<\/p>\n","protected":false},"featured_media":999980000000636460,"comment_status":"open","ping_status":"closed","template":"","meta":[],"product_cat":[377],"product_tag":[],"class_list":{"0":"post-63646","1":"product","2":"type-product","3":"status-publish","4":"has-post-thumbnail","6":"product_cat-nokia-smartphones","8":"first","9":"instock","10":"taxable","11":"shipping-taxable","12":"product-type-external"},"acf":[],"_links":{"self":[{"href":"https:\/\/flagship.ryari.com\/index.php\/wp-json\/wp\/v2\/product\/63646","targetHints":{"allow":["GET"]}}],"collection":[{"href":"https:\/\/flagship.ryari.com\/index.php\/wp-json\/wp\/v2\/product"}],"about":[{"href":"https:\/\/flagship.ryari.com\/index.php\/wp-json\/wp\/v2\/types\/product"}],"replies":[{"embeddable":true,"href":"https:\/\/flagship.ryari.com\/index.php\/wp-json\/wp\/v2\/comments?post=63646"}],"wp:featuredmedia":[{"embeddable":true,"href":"https:\/\/flagship.ryari.com\/index.php\/wp-json\/"}],"wp:attachment":[{"href":"https:\/\/flagship.ryari.com\/index.php\/wp-json\/wp\/v2\/media?parent=63646"}],"wp:term":[{"taxonomy":"product_cat","embeddable":true,"href":"https:\/\/flagship.ryari.com\/index.php\/wp-json\/wp\/v2\/product_cat?post=63646"},{"taxonomy":"product_tag","embeddable":true,"href":"https:\/\/flagship.ryari.com\/index.php\/wp-json\/wp\/v2\/product_tag?post=63646"}],"curies":[{"name":"wp","href":"https:\/\/api.w.org\/{rel}","templated":true}]}}