{"id":63718,"date":"2023-05-24T19:29:48","date_gmt":"2023-05-24T19:29:48","guid":{"rendered":"https:\/\/flagship.ryari.com\/index.php\/product\/nokia-c5-00-schwarz-ohne-simlock-smartphone-002w6b5\/"},"modified":"2026-05-06T09:09:12","modified_gmt":"2026-05-06T09:09:12","slug":"nokia-c5-00-schwarz-ohne-simlock-smartphone-002w6b5","status":"publish","type":"product","link":"https:\/\/flagship.ryari.com\/index.php\/product\/nokia-c5-00-schwarz-ohne-simlock-smartphone-002w6b5\/","title":{"rendered":"Nokia C5-00 &#8211; Schwarz (Ohne Simlock) Smartphone (002W6B5)"},"content":{"rendered":"<p>Das Nokia C5-00 5MP Smartphone ist ein Handy, das \u00fcber eine 5 MP Kamera zur digitalen Fotografie und eine zus\u00e4tzliche Frontkamera verf\u00fcgt. F\u00fcr qualitativ ansprechende Aufnahmen wurden im Nokia Mobiltelefon zwei LED-Blitzlichter integriert. Ebenso ist die 5 MP Kamera mit einem Digitalfokus ausgestattet. Das Handy besteht unter anderem aus Edelstahl und besitzt einen 2,2 Zoll gro\u00dfen LCD-Display, der eine Aufl\u00f6sung von 240&#215;320 Pixeln erm\u00f6glicht. Das mit dem Symbian 9.3 System betriebene Nokia Mobiltelefon hat die Abmessungen 11,2&#215;4,6&#215;1,2 cm und ist damit sehr handlich und in jeder Hosentasche bequem unterzubringen. Mit eingelegtem Akku wiegt das Smartphone lediglich 89,3 g, sodass es leicht in der Hand liegt. Bei durchgehender Gespr\u00e4chszeit h\u00e4lt der Akku 12 Stunden, im Standby-Modus schafft das Ger\u00e4t bis zu 630 Stunden. Per Micro SD Karte l\u00e4sst sich der 270 MB gro\u00dfe interne Speicher auf bis zu 16 GB erweitern. Die Besonderheit am Nokia Mobiltelefon sind die vielen Einsatzm\u00f6glichkeiten des Handys bei kompakter Gr\u00f6\u00dfe. Eine auf der Vorderseite angebrachte zweite Digitalkamera ist f\u00fcr die Videotelefonie wie geschaffen, denn zusammen mit den integrierten Diensten, wie beispielsweise Nokia Messaging, l\u00e4sst sie sich gut dazu nutzen mit Freunden und Familie auch durch Live-Bilder in Kontakt zu bleiben. Mit Kopfh\u00f6rern wird das Nokia C5-00 zu einem MP3-Player oder mobilen Radioger\u00e4t. Eine sprachgest\u00fctzte Navigation wird durch den integrierten A-GPS Empf\u00e4nger erm\u00f6glicht, sodass Navigationsdienste in \u00fcber 70 L\u00e4ndern weltweit im Auto und zu Fu\u00df genutzt werden k\u00f6nnen.<\/p>\n","protected":false},"excerpt":{"rendered":"<p>Das Nokia C5-00 5MP Smartphone ist ein Handy, das \u00fcber eine 5 MP Kamera zur digitalen Fotografie und eine zus\u00e4tzliche Frontkamera verf\u00fcgt. F\u00fcr qualitativ ansprechende Aufnahmen wurden im Nokia Mobiltelefon<\/p>\n","protected":false},"featured_media":999980000000637180,"comment_status":"open","ping_status":"closed","template":"","meta":[],"product_cat":[377],"product_tag":[],"class_list":{"0":"post-63718","1":"product","2":"type-product","3":"status-publish","4":"has-post-thumbnail","6":"product_cat-nokia-smartphones","8":"first","9":"instock","10":"taxable","11":"shipping-taxable","12":"product-type-external"},"acf":[],"_links":{"self":[{"href":"https:\/\/flagship.ryari.com\/index.php\/wp-json\/wp\/v2\/product\/63718","targetHints":{"allow":["GET"]}}],"collection":[{"href":"https:\/\/flagship.ryari.com\/index.php\/wp-json\/wp\/v2\/product"}],"about":[{"href":"https:\/\/flagship.ryari.com\/index.php\/wp-json\/wp\/v2\/types\/product"}],"replies":[{"embeddable":true,"href":"https:\/\/flagship.ryari.com\/index.php\/wp-json\/wp\/v2\/comments?post=63718"}],"wp:featuredmedia":[{"embeddable":true,"href":"https:\/\/flagship.ryari.com\/index.php\/wp-json\/"}],"wp:attachment":[{"href":"https:\/\/flagship.ryari.com\/index.php\/wp-json\/wp\/v2\/media?parent=63718"}],"wp:term":[{"taxonomy":"product_cat","embeddable":true,"href":"https:\/\/flagship.ryari.com\/index.php\/wp-json\/wp\/v2\/product_cat?post=63718"},{"taxonomy":"product_tag","embeddable":true,"href":"https:\/\/flagship.ryari.com\/index.php\/wp-json\/wp\/v2\/product_tag?post=63718"}],"curies":[{"name":"wp","href":"https:\/\/api.w.org\/{rel}","templated":true}]}}