{"id":63723,"date":"2023-05-24T19:30:07","date_gmt":"2023-05-24T19:30:07","guid":{"rendered":"https:\/\/flagship.ryari.com\/index.php\/product\/nokia-c2-01-schwarz-ohne-simlock-handy-a00002528\/"},"modified":"2026-05-06T08:38:02","modified_gmt":"2026-05-06T08:38:02","slug":"nokia-c2-01-schwarz-ohne-simlock-handy-a00002528","status":"publish","type":"product","link":"https:\/\/flagship.ryari.com\/index.php\/product\/nokia-c2-01-schwarz-ohne-simlock-handy-a00002528\/","title":{"rendered":"Nokia C2-01 &#8211; Schwarz (Ohne Simlock) Handy (A00002528)"},"content":{"rendered":"<p>Mit der 3,2 Megapixel-Kamera des Nokia C Serie C2-01 Handys k\u00f6nnen Sie Bilder auf dem Sprung machen. \u00dcberdies, hat das Handy 75 MB Speicherplatz und 1020 mAh Batteriekapazit\u00e4t. Dieses Ger\u00e4t unterst\u00fctzt GSM 850\/900\/1800\/1900 UMTS 850\/900\/1900\/2100 Frequenzen. Das Handy kommt in schwarz.<\/p>\n","protected":false},"excerpt":{"rendered":"<p>Mit der 3,2 Megapixel-Kamera des Nokia C Serie C2-01 Handys k\u00f6nnen Sie Bilder auf dem Sprung machen. \u00dcberdies, hat das Handy 75 MB Speicherplatz und 1020 mAh Batteriekapazit\u00e4t. Dieses Ger\u00e4t<\/p>\n","protected":false},"featured_media":999980000000637230,"comment_status":"open","ping_status":"closed","template":"","meta":[],"product_cat":[377],"product_tag":[],"class_list":{"0":"post-63723","1":"product","2":"type-product","3":"status-publish","4":"has-post-thumbnail","6":"product_cat-nokia-smartphones","8":"first","9":"instock","10":"taxable","11":"shipping-taxable","12":"product-type-external"},"acf":[],"_links":{"self":[{"href":"https:\/\/flagship.ryari.com\/index.php\/wp-json\/wp\/v2\/product\/63723","targetHints":{"allow":["GET"]}}],"collection":[{"href":"https:\/\/flagship.ryari.com\/index.php\/wp-json\/wp\/v2\/product"}],"about":[{"href":"https:\/\/flagship.ryari.com\/index.php\/wp-json\/wp\/v2\/types\/product"}],"replies":[{"embeddable":true,"href":"https:\/\/flagship.ryari.com\/index.php\/wp-json\/wp\/v2\/comments?post=63723"}],"wp:featuredmedia":[{"embeddable":true,"href":"https:\/\/flagship.ryari.com\/index.php\/wp-json\/"}],"wp:attachment":[{"href":"https:\/\/flagship.ryari.com\/index.php\/wp-json\/wp\/v2\/media?parent=63723"}],"wp:term":[{"taxonomy":"product_cat","embeddable":true,"href":"https:\/\/flagship.ryari.com\/index.php\/wp-json\/wp\/v2\/product_cat?post=63723"},{"taxonomy":"product_tag","embeddable":true,"href":"https:\/\/flagship.ryari.com\/index.php\/wp-json\/wp\/v2\/product_tag?post=63723"}],"curies":[{"name":"wp","href":"https:\/\/api.w.org\/{rel}","templated":true}]}}