{"id":64117,"date":"2023-05-25T09:46:26","date_gmt":"2023-05-25T09:46:26","guid":{"rendered":"https:\/\/flagship.ryari.com\/index.php\/product\/panzerfolie-glas-full-cover-displayschutz-fuer-iphone-14-13-12-11-x-xs-xr-pro-max\/"},"modified":"2026-04-23T19:43:21","modified_gmt":"2026-04-23T19:43:21","slug":"panzerfolie-glas-full-cover-displayschutz-fuer-iphone-14-13-12-11-x-xs-xr-pro-max","status":"publish","type":"product","link":"https:\/\/flagship.ryari.com\/index.php\/product\/panzerfolie-glas-full-cover-displayschutz-fuer-iphone-14-13-12-11-x-xs-xr-pro-max\/","title":{"rendered":"Panzerfolie Glas FULL Cover Displayschutz f\u00fcr iPhone 14 13 12 11 X XS XR PRO MAX"},"content":{"rendered":"","protected":false},"excerpt":{"rendered":"<p>Entdecken Sie Panzerfolie Glas FULL Cover Displayschutz f\u00fcr iPhone 14 13 12 11 X XS XR PRO MAX in der gro\u00dfen Auswahl bei eBay. Kostenlose Lieferung f\u00fcr viele Artikel!<\/p>\n","protected":false},"featured_media":999980000000641170,"comment_status":"open","ping_status":"closed","template":"","meta":[],"product_cat":[382],"product_tag":[],"class_list":{"0":"post-64117","1":"product","2":"type-product","3":"status-publish","4":"has-post-thumbnail","6":"product_cat-zubehoer-smartphones","8":"first","9":"instock","10":"taxable","11":"shipping-taxable","12":"product-type-external"},"acf":[],"_links":{"self":[{"href":"https:\/\/flagship.ryari.com\/index.php\/wp-json\/wp\/v2\/product\/64117","targetHints":{"allow":["GET"]}}],"collection":[{"href":"https:\/\/flagship.ryari.com\/index.php\/wp-json\/wp\/v2\/product"}],"about":[{"href":"https:\/\/flagship.ryari.com\/index.php\/wp-json\/wp\/v2\/types\/product"}],"replies":[{"embeddable":true,"href":"https:\/\/flagship.ryari.com\/index.php\/wp-json\/wp\/v2\/comments?post=64117"}],"wp:featuredmedia":[{"embeddable":true,"href":"https:\/\/flagship.ryari.com\/index.php\/wp-json\/"}],"wp:attachment":[{"href":"https:\/\/flagship.ryari.com\/index.php\/wp-json\/wp\/v2\/media?parent=64117"}],"wp:term":[{"taxonomy":"product_cat","embeddable":true,"href":"https:\/\/flagship.ryari.com\/index.php\/wp-json\/wp\/v2\/product_cat?post=64117"},{"taxonomy":"product_tag","embeddable":true,"href":"https:\/\/flagship.ryari.com\/index.php\/wp-json\/wp\/v2\/product_tag?post=64117"}],"curies":[{"name":"wp","href":"https:\/\/api.w.org\/{rel}","templated":true}]}}