{"id":64137,"date":"2023-05-25T09:47:24","date_gmt":"2023-05-25T09:47:24","guid":{"rendered":"https:\/\/flagship.ryari.com\/index.php\/product\/2x-schutzfolie-fuer-huawei-p30-matt-displayschutzfolie-folie-display-schutz-dipos\/"},"modified":"2026-04-14T17:59:44","modified_gmt":"2026-04-14T17:59:44","slug":"2x-schutzfolie-fuer-huawei-p30-matt-displayschutzfolie-folie-display-schutz-dipos","status":"publish","type":"product","link":"https:\/\/flagship.ryari.com\/index.php\/product\/2x-schutzfolie-fuer-huawei-p30-matt-displayschutzfolie-folie-display-schutz-dipos\/","title":{"rendered":"2x Schutzfolie f\u00fcr Huawei P30 matt Displayschutzfolie Folie Display Schutz dipos"},"content":{"rendered":"","protected":false},"excerpt":{"rendered":"<p>Entdecken Sie 2x Schutzfolie f\u00fcr Huawei P30 matt Displayschutzfolie Folie Display Schutz dipos in der gro\u00dfen Auswahl bei eBay. Kostenlose Lieferung f\u00fcr viele Artikel!<\/p>\n","protected":false},"featured_media":999980000000641370,"comment_status":"open","ping_status":"closed","template":"","meta":[],"product_cat":[382],"product_tag":[],"class_list":{"0":"post-64137","1":"product","2":"type-product","3":"status-publish","4":"has-post-thumbnail","6":"product_cat-zubehoer-smartphones","8":"first","9":"instock","10":"taxable","11":"shipping-taxable","12":"product-type-external"},"acf":[],"_links":{"self":[{"href":"https:\/\/flagship.ryari.com\/index.php\/wp-json\/wp\/v2\/product\/64137","targetHints":{"allow":["GET"]}}],"collection":[{"href":"https:\/\/flagship.ryari.com\/index.php\/wp-json\/wp\/v2\/product"}],"about":[{"href":"https:\/\/flagship.ryari.com\/index.php\/wp-json\/wp\/v2\/types\/product"}],"replies":[{"embeddable":true,"href":"https:\/\/flagship.ryari.com\/index.php\/wp-json\/wp\/v2\/comments?post=64137"}],"wp:featuredmedia":[{"embeddable":true,"href":"https:\/\/flagship.ryari.com\/index.php\/wp-json\/"}],"wp:attachment":[{"href":"https:\/\/flagship.ryari.com\/index.php\/wp-json\/wp\/v2\/media?parent=64137"}],"wp:term":[{"taxonomy":"product_cat","embeddable":true,"href":"https:\/\/flagship.ryari.com\/index.php\/wp-json\/wp\/v2\/product_cat?post=64137"},{"taxonomy":"product_tag","embeddable":true,"href":"https:\/\/flagship.ryari.com\/index.php\/wp-json\/wp\/v2\/product_tag?post=64137"}],"curies":[{"name":"wp","href":"https:\/\/api.w.org\/{rel}","templated":true}]}}