{"id":64276,"date":"2023-05-25T09:54:18","date_gmt":"2023-05-25T09:54:18","guid":{"rendered":"https:\/\/flagship.ryari.com\/index.php\/product\/handyhuelle-mit-band-handykette-kordel-case-fuer-iphone-12-13-14-11-pro-max-cover\/"},"modified":"2026-04-15T01:37:33","modified_gmt":"2026-04-15T01:37:33","slug":"handyhuelle-mit-band-handykette-kordel-case-fuer-iphone-12-13-14-11-pro-max-cover","status":"publish","type":"product","link":"https:\/\/flagship.ryari.com\/index.php\/product\/handyhuelle-mit-band-handykette-kordel-case-fuer-iphone-12-13-14-11-pro-max-cover\/","title":{"rendered":"Handyh\u00fclle mit Band Handykette Kordel Case f\u00fcr iPhone 12 13 14 11 Pro Max Cover"},"content":{"rendered":"","protected":false},"excerpt":{"rendered":"<p>Entdecken Sie Handyh\u00fclle mit Band Handykette Kordel Case f\u00fcr iPhone 12 13 14 11 Pro Max Cover in der gro\u00dfen Auswahl bei eBay. Kostenlose Lieferung f\u00fcr viele Artikel!<\/p>\n","protected":false},"featured_media":999980000000642760,"comment_status":"open","ping_status":"closed","template":"","meta":[],"product_cat":[382],"product_tag":[],"class_list":{"0":"post-64276","1":"product","2":"type-product","3":"status-publish","4":"has-post-thumbnail","6":"product_cat-zubehoer-smartphones","8":"first","9":"instock","10":"taxable","11":"shipping-taxable","12":"product-type-external"},"acf":[],"_links":{"self":[{"href":"https:\/\/flagship.ryari.com\/index.php\/wp-json\/wp\/v2\/product\/64276","targetHints":{"allow":["GET"]}}],"collection":[{"href":"https:\/\/flagship.ryari.com\/index.php\/wp-json\/wp\/v2\/product"}],"about":[{"href":"https:\/\/flagship.ryari.com\/index.php\/wp-json\/wp\/v2\/types\/product"}],"replies":[{"embeddable":true,"href":"https:\/\/flagship.ryari.com\/index.php\/wp-json\/wp\/v2\/comments?post=64276"}],"wp:featuredmedia":[{"embeddable":true,"href":"https:\/\/flagship.ryari.com\/index.php\/wp-json\/"}],"wp:attachment":[{"href":"https:\/\/flagship.ryari.com\/index.php\/wp-json\/wp\/v2\/media?parent=64276"}],"wp:term":[{"taxonomy":"product_cat","embeddable":true,"href":"https:\/\/flagship.ryari.com\/index.php\/wp-json\/wp\/v2\/product_cat?post=64276"},{"taxonomy":"product_tag","embeddable":true,"href":"https:\/\/flagship.ryari.com\/index.php\/wp-json\/wp\/v2\/product_tag?post=64276"}],"curies":[{"name":"wp","href":"https:\/\/api.w.org\/{rel}","templated":true}]}}