{"id":64517,"date":"2023-05-25T10:07:20","date_gmt":"2023-05-25T10:07:20","guid":{"rendered":"https:\/\/flagship.ryari.com\/index.php\/product\/handy-huelle-fuer-apple-iphone-samsung-lg-schutz-tasche-etui-cover-book-schwarz\/"},"modified":"2026-05-09T06:56:51","modified_gmt":"2026-05-09T06:56:51","slug":"handy-huelle-fuer-apple-iphone-samsung-lg-schutz-tasche-etui-cover-book-schwarz","status":"publish","type":"product","link":"https:\/\/flagship.ryari.com\/index.php\/product\/handy-huelle-fuer-apple-iphone-samsung-lg-schutz-tasche-etui-cover-book-schwarz\/","title":{"rendered":"Handy H\u00fclle f\u00fcr Apple iPhone Samsung LG Schutz Tasche Etui Cover Book Schwarz"},"content":{"rendered":"","protected":false},"excerpt":{"rendered":"<p>Entdecken Sie Handy H\u00fclle f\u00fcr Apple iPhone Samsung LG Schutz Tasche Etui Cover Book Schwarz in der gro\u00dfen Auswahl bei eBay. Kostenlose Lieferung f\u00fcr viele Artikel!<\/p>\n","protected":false},"featured_media":999980000000645170,"comment_status":"open","ping_status":"closed","template":"","meta":[],"product_cat":[382],"product_tag":[],"class_list":{"0":"post-64517","1":"product","2":"type-product","3":"status-publish","4":"has-post-thumbnail","6":"product_cat-zubehoer-smartphones","8":"first","9":"instock","10":"taxable","11":"shipping-taxable","12":"product-type-external"},"acf":[],"_links":{"self":[{"href":"https:\/\/flagship.ryari.com\/index.php\/wp-json\/wp\/v2\/product\/64517","targetHints":{"allow":["GET"]}}],"collection":[{"href":"https:\/\/flagship.ryari.com\/index.php\/wp-json\/wp\/v2\/product"}],"about":[{"href":"https:\/\/flagship.ryari.com\/index.php\/wp-json\/wp\/v2\/types\/product"}],"replies":[{"embeddable":true,"href":"https:\/\/flagship.ryari.com\/index.php\/wp-json\/wp\/v2\/comments?post=64517"}],"wp:featuredmedia":[{"embeddable":true,"href":"https:\/\/flagship.ryari.com\/index.php\/wp-json\/"}],"wp:attachment":[{"href":"https:\/\/flagship.ryari.com\/index.php\/wp-json\/wp\/v2\/media?parent=64517"}],"wp:term":[{"taxonomy":"product_cat","embeddable":true,"href":"https:\/\/flagship.ryari.com\/index.php\/wp-json\/wp\/v2\/product_cat?post=64517"},{"taxonomy":"product_tag","embeddable":true,"href":"https:\/\/flagship.ryari.com\/index.php\/wp-json\/wp\/v2\/product_tag?post=64517"}],"curies":[{"name":"wp","href":"https:\/\/api.w.org\/{rel}","templated":true}]}}