{"id":64727,"date":"2023-05-25T10:17:39","date_gmt":"2023-05-25T10:17:39","guid":{"rendered":"https:\/\/flagship.ryari.com\/index.php\/product\/handy-huelle-fuer-samsung-magnet-flip-schutz-tasche-case-cover-wallet-etui\/"},"modified":"2026-04-14T23:18:28","modified_gmt":"2026-04-14T23:18:28","slug":"handy-huelle-fuer-samsung-magnet-flip-schutz-tasche-case-cover-wallet-etui","status":"publish","type":"product","link":"https:\/\/flagship.ryari.com\/index.php\/product\/handy-huelle-fuer-samsung-magnet-flip-schutz-tasche-case-cover-wallet-etui\/","title":{"rendered":"Handy H\u00fclle f\u00fcr Samsung Magnet Flip Schutz Tasche Case Cover Wallet Etui"},"content":{"rendered":"","protected":false},"excerpt":{"rendered":"<p>Entdecken Sie Handy H\u00fclle f\u00fcr Samsung Magnet Flip Schutz Tasche Case Cover Wallet Etui in der gro\u00dfen Auswahl bei eBay. Kostenlose Lieferung f\u00fcr viele Artikel!<\/p>\n","protected":false},"featured_media":999980000000647270,"comment_status":"open","ping_status":"closed","template":"","meta":[],"product_cat":[382],"product_tag":[],"class_list":{"0":"post-64727","1":"product","2":"type-product","3":"status-publish","4":"has-post-thumbnail","6":"product_cat-zubehoer-smartphones","8":"first","9":"instock","10":"taxable","11":"shipping-taxable","12":"product-type-external"},"acf":[],"_links":{"self":[{"href":"https:\/\/flagship.ryari.com\/index.php\/wp-json\/wp\/v2\/product\/64727","targetHints":{"allow":["GET"]}}],"collection":[{"href":"https:\/\/flagship.ryari.com\/index.php\/wp-json\/wp\/v2\/product"}],"about":[{"href":"https:\/\/flagship.ryari.com\/index.php\/wp-json\/wp\/v2\/types\/product"}],"replies":[{"embeddable":true,"href":"https:\/\/flagship.ryari.com\/index.php\/wp-json\/wp\/v2\/comments?post=64727"}],"wp:featuredmedia":[{"embeddable":true,"href":"https:\/\/flagship.ryari.com\/index.php\/wp-json\/"}],"wp:attachment":[{"href":"https:\/\/flagship.ryari.com\/index.php\/wp-json\/wp\/v2\/media?parent=64727"}],"wp:term":[{"taxonomy":"product_cat","embeddable":true,"href":"https:\/\/flagship.ryari.com\/index.php\/wp-json\/wp\/v2\/product_cat?post=64727"},{"taxonomy":"product_tag","embeddable":true,"href":"https:\/\/flagship.ryari.com\/index.php\/wp-json\/wp\/v2\/product_tag?post=64727"}],"curies":[{"name":"wp","href":"https:\/\/api.w.org\/{rel}","templated":true}]}}