{"id":65103,"date":"2023-05-25T10:57:18","date_gmt":"2023-05-25T10:57:18","guid":{"rendered":"https:\/\/flagship.ryari.com\/index.php\/product\/handy-tasche-fuer-apple-iphone-case-huelle-cover-schutzhuelle-hard-bumper\/"},"modified":"2026-04-19T19:30:30","modified_gmt":"2026-04-19T19:30:30","slug":"handy-tasche-fuer-apple-iphone-case-huelle-cover-schutzhuelle-hard-bumper","status":"publish","type":"product","link":"https:\/\/flagship.ryari.com\/index.php\/product\/handy-tasche-fuer-apple-iphone-case-huelle-cover-schutzhuelle-hard-bumper\/","title":{"rendered":"Handy Tasche f\u00fcr Apple iPhone Case H\u00fclle Cover Schutzh\u00fclle Hard Bumper"},"content":{"rendered":"","protected":false},"excerpt":{"rendered":"<p>Entdecken Sie Handy Tasche f\u00fcr Apple iPhone Case H\u00fclle Cover Schutzh\u00fclle Hard Bumper in der gro\u00dfen Auswahl bei eBay. Kostenlose Lieferung f\u00fcr viele Artikel!<\/p>\n","protected":false},"featured_media":999980000000651030,"comment_status":"open","ping_status":"closed","template":"","meta":[],"product_cat":[382],"product_tag":[],"class_list":{"0":"post-65103","1":"product","2":"type-product","3":"status-publish","4":"has-post-thumbnail","6":"product_cat-zubehoer-smartphones","8":"first","9":"instock","10":"taxable","11":"shipping-taxable","12":"product-type-external"},"acf":[],"_links":{"self":[{"href":"https:\/\/flagship.ryari.com\/index.php\/wp-json\/wp\/v2\/product\/65103","targetHints":{"allow":["GET"]}}],"collection":[{"href":"https:\/\/flagship.ryari.com\/index.php\/wp-json\/wp\/v2\/product"}],"about":[{"href":"https:\/\/flagship.ryari.com\/index.php\/wp-json\/wp\/v2\/types\/product"}],"replies":[{"embeddable":true,"href":"https:\/\/flagship.ryari.com\/index.php\/wp-json\/wp\/v2\/comments?post=65103"}],"wp:featuredmedia":[{"embeddable":true,"href":"https:\/\/flagship.ryari.com\/index.php\/wp-json\/"}],"wp:attachment":[{"href":"https:\/\/flagship.ryari.com\/index.php\/wp-json\/wp\/v2\/media?parent=65103"}],"wp:term":[{"taxonomy":"product_cat","embeddable":true,"href":"https:\/\/flagship.ryari.com\/index.php\/wp-json\/wp\/v2\/product_cat?post=65103"},{"taxonomy":"product_tag","embeddable":true,"href":"https:\/\/flagship.ryari.com\/index.php\/wp-json\/wp\/v2\/product_tag?post=65103"}],"curies":[{"name":"wp","href":"https:\/\/api.w.org\/{rel}","templated":true}]}}