{"id":65472,"date":"2023-05-25T11:15:06","date_gmt":"2023-05-25T11:15:06","guid":{"rendered":"https:\/\/flagship.ryari.com\/index.php\/product\/fuer-samsung-s21-s22ultra-a53-a51-privatsphaere-displayschutzfolie-gehaertetem-glas\/"},"modified":"2026-05-16T01:33:39","modified_gmt":"2026-05-16T01:33:39","slug":"fuer-samsung-s21-s22ultra-a53-a51-privatsphaere-displayschutzfolie-gehaertetem-glas","status":"publish","type":"product","link":"https:\/\/flagship.ryari.com\/index.php\/product\/fuer-samsung-s21-s22ultra-a53-a51-privatsphaere-displayschutzfolie-gehaertetem-glas\/","title":{"rendered":"F\u00fcr Samsung S21 S22Ultra A53 A51 Privatsph\u00e4re Displayschutzfolie Geh\u00e4rtetem Glas"},"content":{"rendered":"","protected":false},"excerpt":{"rendered":"<p>Entdecken Sie F\u00fcr Samsung S21 S22Ultra A53 A51 Privatsph\u00e4re Displayschutzfolie Geh\u00e4rtetem Glas in der gro\u00dfen Auswahl bei eBay. Kostenlose Lieferung f\u00fcr viele Artikel!<\/p>\n","protected":false},"featured_media":999980000000654720,"comment_status":"open","ping_status":"closed","template":"","meta":[],"product_cat":[382],"product_tag":[],"class_list":{"0":"post-65472","1":"product","2":"type-product","3":"status-publish","4":"has-post-thumbnail","6":"product_cat-zubehoer-smartphones","8":"first","9":"instock","10":"taxable","11":"shipping-taxable","12":"product-type-external"},"acf":[],"_links":{"self":[{"href":"https:\/\/flagship.ryari.com\/index.php\/wp-json\/wp\/v2\/product\/65472","targetHints":{"allow":["GET"]}}],"collection":[{"href":"https:\/\/flagship.ryari.com\/index.php\/wp-json\/wp\/v2\/product"}],"about":[{"href":"https:\/\/flagship.ryari.com\/index.php\/wp-json\/wp\/v2\/types\/product"}],"replies":[{"embeddable":true,"href":"https:\/\/flagship.ryari.com\/index.php\/wp-json\/wp\/v2\/comments?post=65472"}],"wp:featuredmedia":[{"embeddable":true,"href":"https:\/\/flagship.ryari.com\/index.php\/wp-json\/"}],"wp:attachment":[{"href":"https:\/\/flagship.ryari.com\/index.php\/wp-json\/wp\/v2\/media?parent=65472"}],"wp:term":[{"taxonomy":"product_cat","embeddable":true,"href":"https:\/\/flagship.ryari.com\/index.php\/wp-json\/wp\/v2\/product_cat?post=65472"},{"taxonomy":"product_tag","embeddable":true,"href":"https:\/\/flagship.ryari.com\/index.php\/wp-json\/wp\/v2\/product_tag?post=65472"}],"curies":[{"name":"wp","href":"https:\/\/api.w.org\/{rel}","templated":true}]}}